{"id":13456,"date":"2015-12-04T16:40:44","date_gmt":"2015-12-04T15:40:44","guid":{"rendered":"https:\/\/www.fundacionnaturgy.org\/ca\/product\/les-xarxes-electriques-intel%c2%b7ligents\/"},"modified":"2020-02-27T15:35:31","modified_gmt":"2020-02-27T14:35:31","slug":"les-xarxes-electriques-intel%c2%b7ligents","status":"publish","type":"product","link":"https:\/\/www.fundacionnaturgy.org\/ca\/publicacion\/les-xarxes-electriques-intel%c2%b7ligents\/","title":{"rendered":"Les xarxes el\u00e8ctriques intel\u00b7ligents"},"content":{"rendered":"<p>El model el\u00e8ctric dominant fins avui s&#8217;ha basat en grans centrals de generaci\u00f3 allunyades del consumidor final i una relaci\u00f3 unidireccional amb milers de clients passius. Actualment, els problemes de subministrament el\u00e8ctric en baixa tensi\u00f3 s\u00f3n generalment detectats pels mateixos clients, els quals n&#8217;informen la companyia el\u00e8ctrica, at\u00e8s el limitat monitoratge de les xarxes de baixa tensi\u00f3.<\/p>\n","protected":false},"excerpt":{"rendered":"<p>El model el\u00e8ctric dominant fins avui s&#8217;ha basat en grans centrals de generaci\u00f3 allunyades del consumidor final i una relaci\u00f3 unidireccional amb milers de clients passius. Actualment, els problemes de subministrament el\u00e8ctric en baixa tensi\u00f3 s\u00f3n generalment detectats pels mateixos clients, els quals n&#8217;informen la companyia el\u00e8ctrica, at\u00e8s el limitat monitoratge de les xarxes de baixa tensi\u00f3.<\/p>\n","protected":false},"featured_media":3474,"template":"","meta":{"inline_featured_image":false},"categories":[1208],"content-type":[1169],"product_tag":[],"acf":[],"post_class":["post-13456","product","type-product","status-publish","has-post-thumbnail","hentry","category-transicio-energetica","content-type-videos","wordpress-sticky"],"_links":{"self":[{"href":"https:\/\/www.fundacionnaturgy.org\/ca\/wp-json\/wp\/v2\/product\/13456"}],"collection":[{"href":"https:\/\/www.fundacionnaturgy.org\/ca\/wp-json\/wp\/v2\/product"}],"about":[{"href":"https:\/\/www.fundacionnaturgy.org\/ca\/wp-json\/wp\/v2\/types\/product"}],"wp:featuredmedia":[{"embeddable":true,"href":"https:\/\/www.fundacionnaturgy.org\/ca\/wp-json\/wp\/v2\/media\/3474"}],"wp:attachment":[{"href":"https:\/\/www.fundacionnaturgy.org\/ca\/wp-json\/wp\/v2\/media?parent=13456"}],"wp:term":[{"taxonomy":"category","embeddable":true,"href":"https:\/\/www.fundacionnaturgy.org\/ca\/wp-json\/wp\/v2\/categories?post=13456"},{"taxonomy":"content-type","embeddable":true,"href":"https:\/\/www.fundacionnaturgy.org\/ca\/wp-json\/wp\/v2\/content-type?post=13456"},{"taxonomy":"product_tag","embeddable":true,"href":"https:\/\/www.fundacionnaturgy.org\/ca\/wp-json\/wp\/v2\/product_tag?post=13456"}],"curies":[{"name":"wp","href":"https:\/\/api.w.org\/{rel}","templated":true}]}}