{"id":13457,"date":"2011-12-04T16:47:51","date_gmt":"2011-12-04T15:47:51","guid":{"rendered":"https:\/\/www.fundacionnaturgy.org\/ca\/product\/lenergia-geotermica\/"},"modified":"2020-02-27T15:36:16","modified_gmt":"2020-02-27T14:36:16","slug":"lenergia-geotermica","status":"publish","type":"product","link":"https:\/\/www.fundacionnaturgy.org\/ca\/publicacion\/lenergia-geotermica\/","title":{"rendered":"L&#8217;energia geot\u00e8rmica"},"content":{"rendered":"<p>L&#8217;energia geot\u00e8rmica \u00e9s l&#8217;energia que es pot obtenir mitjan\u00e7ant l&#8217;aprofitament de la calor de l&#8217;interior de la terra. Els principals usos de l&#8217;energia geot\u00e8rmica s\u00f3n la calefacci\u00f3 i l&#8217;aigua calenta, la refrigeraci\u00f3 i la producci\u00f3 d&#8217;electricitat. La bomba de calor geot\u00e8rmica s&#8217;est\u00e0 convertint en una alternativa viable per a l&#8217;obtenci\u00f3 de calor i fred en habitatges unifamiliars i en el sector terciari.<\/p>\n","protected":false},"excerpt":{"rendered":"<p>L&#8217;energia geot\u00e8rmica \u00e9s l&#8217;energia que es pot obtenir mitjan\u00e7ant l&#8217;aprofitament de la calor de l&#8217;interior de la terra. Els principals usos de l&#8217;energia geot\u00e8rmica s\u00f3n la calefacci\u00f3 i l&#8217;aigua calenta, la refrigeraci\u00f3 i la producci\u00f3 d&#8217;electricitat. La bomba de calor geot\u00e8rmica s&#8217;est\u00e0 convertint en una alternativa viable per a l&#8217;obtenci\u00f3 de calor i fred en habitatges unifamiliars i en el sector terciari.<\/p>\n","protected":false},"featured_media":3477,"template":"","meta":{"inline_featured_image":false},"categories":[1202],"content-type":[1169],"product_tag":[],"acf":[],"post_class":["post-13457","product","type-product","status-publish","has-post-thumbnail","hentry","category-energies-renovables","content-type-videos","wordpress-sticky"],"_links":{"self":[{"href":"https:\/\/www.fundacionnaturgy.org\/ca\/wp-json\/wp\/v2\/product\/13457"}],"collection":[{"href":"https:\/\/www.fundacionnaturgy.org\/ca\/wp-json\/wp\/v2\/product"}],"about":[{"href":"https:\/\/www.fundacionnaturgy.org\/ca\/wp-json\/wp\/v2\/types\/product"}],"wp:featuredmedia":[{"embeddable":true,"href":"https:\/\/www.fundacionnaturgy.org\/ca\/wp-json\/wp\/v2\/media\/3477"}],"wp:attachment":[{"href":"https:\/\/www.fundacionnaturgy.org\/ca\/wp-json\/wp\/v2\/media?parent=13457"}],"wp:term":[{"taxonomy":"category","embeddable":true,"href":"https:\/\/www.fundacionnaturgy.org\/ca\/wp-json\/wp\/v2\/categories?post=13457"},{"taxonomy":"content-type","embeddable":true,"href":"https:\/\/www.fundacionnaturgy.org\/ca\/wp-json\/wp\/v2\/content-type?post=13457"},{"taxonomy":"product_tag","embeddable":true,"href":"https:\/\/www.fundacionnaturgy.org\/ca\/wp-json\/wp\/v2\/product_tag?post=13457"}],"curies":[{"name":"wp","href":"https:\/\/api.w.org\/{rel}","templated":true}]}}