{"id":13458,"date":"2010-12-04T16:49:42","date_gmt":"2010-12-04T15:49:42","guid":{"rendered":"https:\/\/www.fundacionnaturgy.org\/ca\/product\/la-microcogeneracio\/"},"modified":"2020-02-27T15:36:29","modified_gmt":"2020-02-27T14:36:29","slug":"la-microcogeneracio","status":"publish","type":"product","link":"https:\/\/www.fundacionnaturgy.org\/ca\/publicacion\/la-microcogeneracio\/","title":{"rendered":"La microcogeneraci\u00f3"},"content":{"rendered":"<p>Es descriu la microgeneraci\u00f3 com un sistema de petita generaci\u00f3 el\u00e8ctrica i t\u00e8rmica (equip de menys de 50 kW) en edificis, basat en la utilitzaci\u00f3 dels sistemes de calefacci\u00f3 i aigua calenta tamb\u00e9 per generar electricitat. \u00a0S&#8217;aprofita la calor de la producci\u00f3 d&#8217;aigua calenta sanit\u00e0ria i calefacci\u00f3. Amb aquest sistema s&#8217;eviten els costos i les p\u00e8rdues d&#8217;energia del transport i la distribuci\u00f3, perqu\u00e8 l&#8217;energia es genera en el mateix punt en qu\u00e8 es consumeix. Es descriuen les principals tecnologies disponibles, que s\u00f3n: els motors de combusti\u00f3 interna, els de combusti\u00f3 externa i les microturbines.<\/p>\n","protected":false},"excerpt":{"rendered":"<p>Es descriu la microgeneraci\u00f3 com un sistema de petita generaci\u00f3 el\u00e8ctrica i t\u00e8rmica (equip de menys de 50 kW) en edificis, basat en la utilitzaci\u00f3 dels sistemes de calefacci\u00f3 i aigua calenta tamb\u00e9 per generar electricitat. \u00a0S&#8217;aprofita la calor de la producci\u00f3 d&#8217;aigua calenta sanit\u00e0ria i calefacci\u00f3. Amb aquest sistema s&#8217;eviten els costos i les p\u00e8rdues d&#8217;energia del transport i la distribuci\u00f3, perqu\u00e8 l&#8217;energia es genera en el mateix punt en qu\u00e8 es consumeix. Es descriuen les principals tecnologies disponibles, que s\u00f3n: els motors de combusti\u00f3 interna, els de combusti\u00f3 externa i les microturbines.<\/p>\n","protected":false},"featured_media":3480,"template":"","meta":{"inline_featured_image":false},"categories":[1208],"content-type":[1169],"product_tag":[],"acf":[],"post_class":["post-13458","product","type-product","status-publish","has-post-thumbnail","hentry","category-transicio-energetica","content-type-videos","wordpress-sticky"],"_links":{"self":[{"href":"https:\/\/www.fundacionnaturgy.org\/ca\/wp-json\/wp\/v2\/product\/13458"}],"collection":[{"href":"https:\/\/www.fundacionnaturgy.org\/ca\/wp-json\/wp\/v2\/product"}],"about":[{"href":"https:\/\/www.fundacionnaturgy.org\/ca\/wp-json\/wp\/v2\/types\/product"}],"wp:featuredmedia":[{"embeddable":true,"href":"https:\/\/www.fundacionnaturgy.org\/ca\/wp-json\/wp\/v2\/media\/3480"}],"wp:attachment":[{"href":"https:\/\/www.fundacionnaturgy.org\/ca\/wp-json\/wp\/v2\/media?parent=13458"}],"wp:term":[{"taxonomy":"category","embeddable":true,"href":"https:\/\/www.fundacionnaturgy.org\/ca\/wp-json\/wp\/v2\/categories?post=13458"},{"taxonomy":"content-type","embeddable":true,"href":"https:\/\/www.fundacionnaturgy.org\/ca\/wp-json\/wp\/v2\/content-type?post=13458"},{"taxonomy":"product_tag","embeddable":true,"href":"https:\/\/www.fundacionnaturgy.org\/ca\/wp-json\/wp\/v2\/product_tag?post=13458"}],"curies":[{"name":"wp","href":"https:\/\/api.w.org\/{rel}","templated":true}]}}