{"id":13459,"date":"2008-12-04T16:51:59","date_gmt":"2008-12-04T15:51:59","guid":{"rendered":"https:\/\/www.fundacionnaturgy.org\/ca\/product\/les-energies-renovables-a-espanya\/"},"modified":"2020-02-27T15:36:44","modified_gmt":"2020-02-27T14:36:44","slug":"les-energies-renovables-a-espanya","status":"publish","type":"product","link":"https:\/\/www.fundacionnaturgy.org\/ca\/publicacion\/les-energies-renovables-a-espanya\/","title":{"rendered":"Les energies renovables a Espanya"},"content":{"rendered":"<p>A partir d&#8217;un recurs renovable o energia prim\u00e0ria i una tecnologia de transformaci\u00f3 s&#8217;obt\u00e9 una energia final (electricitat, combustibles per al transport o energia t\u00e8rmica). Espec\u00edficament, s&#8217;esmenten i es defineixen les diferents tecnologies de transformaci\u00f3 de les energies renovables i es descriuen els avantatges principals i els criteris ambientals, econ\u00f2mics, operatius i socials que s\u00f3n importants per poder avaluar les diferents tecnologies.<\/p>\n","protected":false},"excerpt":{"rendered":"<p>A partir d&#8217;un recurs renovable o energia prim\u00e0ria i una tecnologia de transformaci\u00f3 s&#8217;obt\u00e9 una energia final (electricitat, combustibles per al transport o energia t\u00e8rmica). Espec\u00edficament, s&#8217;esmenten i es defineixen les diferents tecnologies de transformaci\u00f3 de les energies renovables i es descriuen els avantatges principals i els criteris ambientals, econ\u00f2mics, operatius i socials que s\u00f3n importants per poder avaluar les diferents tecnologies.<\/p>\n","protected":false},"featured_media":3489,"template":"","meta":{"inline_featured_image":false},"categories":[1202],"content-type":[1169],"product_tag":[],"acf":[],"post_class":["post-13459","product","type-product","status-publish","has-post-thumbnail","hentry","category-energies-renovables","content-type-videos","wordpress-sticky"],"_links":{"self":[{"href":"https:\/\/www.fundacionnaturgy.org\/ca\/wp-json\/wp\/v2\/product\/13459"}],"collection":[{"href":"https:\/\/www.fundacionnaturgy.org\/ca\/wp-json\/wp\/v2\/product"}],"about":[{"href":"https:\/\/www.fundacionnaturgy.org\/ca\/wp-json\/wp\/v2\/types\/product"}],"wp:featuredmedia":[{"embeddable":true,"href":"https:\/\/www.fundacionnaturgy.org\/ca\/wp-json\/wp\/v2\/media\/3489"}],"wp:attachment":[{"href":"https:\/\/www.fundacionnaturgy.org\/ca\/wp-json\/wp\/v2\/media?parent=13459"}],"wp:term":[{"taxonomy":"category","embeddable":true,"href":"https:\/\/www.fundacionnaturgy.org\/ca\/wp-json\/wp\/v2\/categories?post=13459"},{"taxonomy":"content-type","embeddable":true,"href":"https:\/\/www.fundacionnaturgy.org\/ca\/wp-json\/wp\/v2\/content-type?post=13459"},{"taxonomy":"product_tag","embeddable":true,"href":"https:\/\/www.fundacionnaturgy.org\/ca\/wp-json\/wp\/v2\/product_tag?post=13459"}],"curies":[{"name":"wp","href":"https:\/\/api.w.org\/{rel}","templated":true}]}}