{"id":13473,"date":"2012-12-10T16:17:10","date_gmt":"2012-12-10T15:17:10","guid":{"rendered":"https:\/\/www.fundacionnaturgy.org\/ca\/product\/juli-batllevell-un-gaudinia-oblidat\/"},"modified":"2020-02-27T15:43:38","modified_gmt":"2020-02-27T14:43:38","slug":"juli-batllevell-un-gaudinia-oblidat","status":"publish","type":"product","link":"https:\/\/www.fundacionnaturgy.org\/ca\/publicacion\/juli-batllevell-un-gaudinia-oblidat\/","title":{"rendered":"Juli Batllevell, un gaudini\u00e0 oblidat"},"content":{"rendered":"<p>Juli Batllevell i Ar\u00fas (Sabadell, 1864 &#8211; Barcelona, 1928) \u00e9s autor, entre moltes altres obres, de l&#8217;edifici on hi havia la f\u00e0brica <em>La Energ\u00eda<\/em>, actualment seu del Museu del Gas de la Fundaci\u00f3 Gas Natural Fenosa. Mentre va exercir com a arquitecte municipal de Sabadell, Juli Batllevell va dur a terme diverses millores en el tra\u00e7at urb\u00e0 i project\u00e0 edificis emblem\u00e0tics, entre els quals destaquen l&#8217;Hotel Su\u00eds o el Teatre Euterpe. Va treballar de manera puntual al costat de l&#8217;arquitecte de Reus, tant a la Casa Calvet com en el Park G\u00fcell. Malgrat aquesta col\u00b7laboraci\u00f3, Batllevell no es convertiria en un deixeble de Gaud\u00ed, sin\u00f3 que es va mantenir en una pluralitat d&#8217;estils, que van del modernisme a l&#8217;eclecticisme i, posteriorment, al noucentisme.<\/p>\n<p>&nbsp;<\/p>\n","protected":false},"excerpt":{"rendered":"<p>Juli Batllevell i Ar\u00fas (Sabadell, 1864 &#8211; Barcelona, 1928) \u00e9s autor, entre moltes altres obres, de l&#8217;edifici on hi havia la f\u00e0brica <em>La Energ\u00eda<\/em>, actualment seu del Museu del Gas de la Fundaci\u00f3 Gas Natural Fenosa. Mentre va exercir com a arquitecte municipal de Sabadell, Juli Batllevell va dur a terme diverses millores en el tra\u00e7at urb\u00e0 i project\u00e0 edificis emblem\u00e0tics, entre els quals destaquen l&#8217;Hotel Su\u00eds o el Teatre Euterpe. Va treballar de manera puntual al costat de l&#8217;arquitecte de Reus, tant a la Casa Calvet com en el Park G\u00fcell. Malgrat aquesta col\u00b7laboraci\u00f3, Batllevell no es convertiria en un deixeble de Gaud\u00ed, sin\u00f3 que es va mantenir en una pluralitat d&#8217;estils, que van del modernisme a l&#8217;eclecticisme i, posteriorment, al noucentisme.<\/p>\n<p>&nbsp;<\/p>\n","protected":false},"featured_media":3607,"template":"","meta":{"inline_featured_image":false},"categories":[1206],"content-type":[1168],"product_tag":[],"acf":[],"post_class":["post-13473","product","type-product","status-publish","has-post-thumbnail","hentry","category-patrimoni-industrial","content-type-llibres","wordpress-sticky"],"_links":{"self":[{"href":"https:\/\/www.fundacionnaturgy.org\/ca\/wp-json\/wp\/v2\/product\/13473"}],"collection":[{"href":"https:\/\/www.fundacionnaturgy.org\/ca\/wp-json\/wp\/v2\/product"}],"about":[{"href":"https:\/\/www.fundacionnaturgy.org\/ca\/wp-json\/wp\/v2\/types\/product"}],"wp:featuredmedia":[{"embeddable":true,"href":"https:\/\/www.fundacionnaturgy.org\/ca\/wp-json\/wp\/v2\/media\/3607"}],"wp:attachment":[{"href":"https:\/\/www.fundacionnaturgy.org\/ca\/wp-json\/wp\/v2\/media?parent=13473"}],"wp:term":[{"taxonomy":"category","embeddable":true,"href":"https:\/\/www.fundacionnaturgy.org\/ca\/wp-json\/wp\/v2\/categories?post=13473"},{"taxonomy":"content-type","embeddable":true,"href":"https:\/\/www.fundacionnaturgy.org\/ca\/wp-json\/wp\/v2\/content-type?post=13473"},{"taxonomy":"product_tag","embeddable":true,"href":"https:\/\/www.fundacionnaturgy.org\/ca\/wp-json\/wp\/v2\/product_tag?post=13473"}],"curies":[{"name":"wp","href":"https:\/\/api.w.org\/{rel}","templated":true}]}}