{"id":13474,"date":"2013-12-10T16:23:46","date_gmt":"2013-12-10T15:23:46","guid":{"rendered":"https:\/\/www.fundacionnaturgy.org\/ca\/product\/publicitat-per-a-una-historia-170-anys-de-companyia\/"},"modified":"2020-02-27T15:43:19","modified_gmt":"2020-02-27T14:43:19","slug":"publicitat-per-a-una-historia-170-anys-de-companyia","status":"publish","type":"product","link":"https:\/\/www.fundacionnaturgy.org\/ca\/publicacion\/publicitat-per-a-una-historia-170-anys-de-companyia\/","title":{"rendered":"Publicitat per a una hist\u00f2ria. 170 anys de companyia"},"content":{"rendered":"<p>Per a una empresa, celebrar 170 anys d&#8217;exist\u00e8ncia \u00e9s una fita realment dif\u00edcil. Molt poques ho aconsegueixen, i les que ho fan \u00e9s perqu\u00e8 tenen alguna cosa especial que, m\u00e9s que un producte o un \u00e0mbit geogr\u00e0fic d&#8217;actuaci\u00f3, \u00e9s un tarann\u00e0 propi que els permet reinventar-se permanentment i adaptar-se de manera r\u00e0pida i eficient als nous requeriments de la societat des de perspectives que van evolucionant cont\u00ednuament. El cas de la societat ara denominada Gas Natural Fenosa \u00e9s realment singular.<\/p>\n","protected":false},"excerpt":{"rendered":"<p>Per a una empresa, celebrar 170 anys d&#8217;exist\u00e8ncia \u00e9s una fita realment dif\u00edcil. Molt poques ho aconsegueixen, i les que ho fan \u00e9s perqu\u00e8 tenen alguna cosa especial que, m\u00e9s que un producte o un \u00e0mbit geogr\u00e0fic d&#8217;actuaci\u00f3, \u00e9s un tarann\u00e0 propi que els permet reinventar-se permanentment i adaptar-se de manera r\u00e0pida i eficient als nous requeriments de la societat des de perspectives que van evolucionant cont\u00ednuament. El cas de la societat ara denominada Gas Natural Fenosa \u00e9s realment singular.<\/p>\n","protected":false},"featured_media":3604,"template":"","meta":{"inline_featured_image":false},"categories":[1206],"content-type":[1168],"product_tag":[],"acf":[],"post_class":["post-13474","product","type-product","status-publish","has-post-thumbnail","hentry","category-patrimoni-industrial","content-type-llibres","wordpress-sticky"],"_links":{"self":[{"href":"https:\/\/www.fundacionnaturgy.org\/ca\/wp-json\/wp\/v2\/product\/13474"}],"collection":[{"href":"https:\/\/www.fundacionnaturgy.org\/ca\/wp-json\/wp\/v2\/product"}],"about":[{"href":"https:\/\/www.fundacionnaturgy.org\/ca\/wp-json\/wp\/v2\/types\/product"}],"wp:featuredmedia":[{"embeddable":true,"href":"https:\/\/www.fundacionnaturgy.org\/ca\/wp-json\/wp\/v2\/media\/3604"}],"wp:attachment":[{"href":"https:\/\/www.fundacionnaturgy.org\/ca\/wp-json\/wp\/v2\/media?parent=13474"}],"wp:term":[{"taxonomy":"category","embeddable":true,"href":"https:\/\/www.fundacionnaturgy.org\/ca\/wp-json\/wp\/v2\/categories?post=13474"},{"taxonomy":"content-type","embeddable":true,"href":"https:\/\/www.fundacionnaturgy.org\/ca\/wp-json\/wp\/v2\/content-type?post=13474"},{"taxonomy":"product_tag","embeddable":true,"href":"https:\/\/www.fundacionnaturgy.org\/ca\/wp-json\/wp\/v2\/product_tag?post=13474"}],"curies":[{"name":"wp","href":"https:\/\/api.w.org\/{rel}","templated":true}]}}