{"id":13475,"date":"2014-12-10T16:32:41","date_gmt":"2014-12-10T15:32:41","guid":{"rendered":"https:\/\/www.fundacionnaturgy.org\/ca\/product\/la-bellesa-de-la-maquina\/"},"modified":"2020-02-27T15:43:06","modified_gmt":"2020-02-27T14:43:06","slug":"la-bellesa-de-la-maquina","status":"publish","type":"product","link":"https:\/\/www.fundacionnaturgy.org\/ca\/publicacion\/la-bellesa-de-la-maquina\/","title":{"rendered":"La bellesa de la m\u00e0quina"},"content":{"rendered":"<p>L&#8217;obra de Ramon de Ba\u00f1os t\u00e9 un llenguatge propi que ens ensenya a mirar d&#8217;una altra manera la bellesa de la fotografia de g\u00e8nere industrial. El Museu del Gas de la Fundaci\u00f3 Gas Natural Fenosa presenta l&#8217;exposici\u00f3 &#8220;La bellesa de la m\u00e0quina&#8221; sobre l&#8217;obra art\u00edstica m\u00e9s significativa de Ramon de Ba\u00f1os (1890-1980) en l&#8217;\u00e0mbit de la fotografia de g\u00e8nere industrial. El conjunt d&#8217;obres fotogr\u00e0fiques que es treuen a la llum, fetes amb un codi visual propi, ofereixen una mirada nova que ens permet gaudir de la bellesa de la fotografia de g\u00e8nere industrial, i que avui constitueixen un document gr\u00e0fic extraordinari d&#8217;un m\u00f3n desaparegut.<\/p>\n","protected":false},"excerpt":{"rendered":"<p>L&#8217;obra de Ramon de Ba\u00f1os t\u00e9 un llenguatge propi que ens ensenya a mirar d&#8217;una altra manera la bellesa de la fotografia de g\u00e8nere industrial. El Museu del Gas de la Fundaci\u00f3 Gas Natural Fenosa presenta l&#8217;exposici\u00f3 &#8220;La bellesa de la m\u00e0quina&#8221; sobre l&#8217;obra art\u00edstica m\u00e9s significativa de Ramon de Ba\u00f1os (1890-1980) en l&#8217;\u00e0mbit de la fotografia de g\u00e8nere industrial. El conjunt d&#8217;obres fotogr\u00e0fiques que es treuen a la llum, fetes amb un codi visual propi, ofereixen una mirada nova que ens permet gaudir de la bellesa de la fotografia de g\u00e8nere industrial, i que avui constitueixen un document gr\u00e0fic extraordinari d&#8217;un m\u00f3n desaparegut.<\/p>\n","protected":false},"featured_media":3601,"template":"","meta":{"inline_featured_image":false},"categories":[1206],"content-type":[1168],"product_tag":[],"acf":[],"post_class":["post-13475","product","type-product","status-publish","has-post-thumbnail","hentry","category-patrimoni-industrial","content-type-llibres","wordpress-sticky"],"_links":{"self":[{"href":"https:\/\/www.fundacionnaturgy.org\/ca\/wp-json\/wp\/v2\/product\/13475"}],"collection":[{"href":"https:\/\/www.fundacionnaturgy.org\/ca\/wp-json\/wp\/v2\/product"}],"about":[{"href":"https:\/\/www.fundacionnaturgy.org\/ca\/wp-json\/wp\/v2\/types\/product"}],"wp:featuredmedia":[{"embeddable":true,"href":"https:\/\/www.fundacionnaturgy.org\/ca\/wp-json\/wp\/v2\/media\/3601"}],"wp:attachment":[{"href":"https:\/\/www.fundacionnaturgy.org\/ca\/wp-json\/wp\/v2\/media?parent=13475"}],"wp:term":[{"taxonomy":"category","embeddable":true,"href":"https:\/\/www.fundacionnaturgy.org\/ca\/wp-json\/wp\/v2\/categories?post=13475"},{"taxonomy":"content-type","embeddable":true,"href":"https:\/\/www.fundacionnaturgy.org\/ca\/wp-json\/wp\/v2\/content-type?post=13475"},{"taxonomy":"product_tag","embeddable":true,"href":"https:\/\/www.fundacionnaturgy.org\/ca\/wp-json\/wp\/v2\/product_tag?post=13475"}],"curies":[{"name":"wp","href":"https:\/\/api.w.org\/{rel}","templated":true}]}}