{"id":13476,"date":"2008-12-10T16:41:01","date_gmt":"2008-12-10T15:41:01","guid":{"rendered":"https:\/\/www.fundacionnaturgy.org\/ca\/product\/cronologia-del-grup-gas-natural-18431985\/"},"modified":"2020-02-27T15:36:38","modified_gmt":"2020-02-27T14:36:38","slug":"cronologia-del-grup-gas-natural-18431985","status":"publish","type":"product","link":"https:\/\/www.fundacionnaturgy.org\/ca\/publicacion\/cronologia-del-grup-gas-natural-18431985\/","title":{"rendered":"Cronologia del grup Gas Natural 1843\/1985"},"content":{"rendered":"<p>Presenta la cronologia del desenvolupament de l&#8217;actual Grup Gas Natural des de la seva creaci\u00f3 el 1843 per subministrar enllumenat per gas als carrers de Barcelona, fins a l&#8217;any 1985 en qu\u00e8 la signatura del Protocol d&#8217;intencions per al desenvolupament del gas a Espanya, inicia l&#8217;\u00e8poca moderna del desenvolupament del sector al nostre pa\u00eds<\/p>\n","protected":false},"excerpt":{"rendered":"<p>Presenta la cronologia del desenvolupament de l&#8217;actual Grup Gas Natural des de la seva creaci\u00f3 el 1843 per subministrar enllumenat per gas als carrers de Barcelona, fins a l&#8217;any 1985 en qu\u00e8 la signatura del Protocol d&#8217;intencions per al desenvolupament del gas a Espanya, inicia l&#8217;\u00e8poca moderna del desenvolupament del sector al nostre pa\u00eds<\/p>\n","protected":false},"featured_media":3555,"template":"","meta":{"inline_featured_image":false},"categories":[1206],"content-type":[1169],"product_tag":[],"acf":[],"post_class":["post-13476","product","type-product","status-publish","has-post-thumbnail","hentry","category-patrimoni-industrial","content-type-videos","wordpress-sticky"],"_links":{"self":[{"href":"https:\/\/www.fundacionnaturgy.org\/ca\/wp-json\/wp\/v2\/product\/13476"}],"collection":[{"href":"https:\/\/www.fundacionnaturgy.org\/ca\/wp-json\/wp\/v2\/product"}],"about":[{"href":"https:\/\/www.fundacionnaturgy.org\/ca\/wp-json\/wp\/v2\/types\/product"}],"wp:featuredmedia":[{"embeddable":true,"href":"https:\/\/www.fundacionnaturgy.org\/ca\/wp-json\/wp\/v2\/media\/3555"}],"wp:attachment":[{"href":"https:\/\/www.fundacionnaturgy.org\/ca\/wp-json\/wp\/v2\/media?parent=13476"}],"wp:term":[{"taxonomy":"category","embeddable":true,"href":"https:\/\/www.fundacionnaturgy.org\/ca\/wp-json\/wp\/v2\/categories?post=13476"},{"taxonomy":"content-type","embeddable":true,"href":"https:\/\/www.fundacionnaturgy.org\/ca\/wp-json\/wp\/v2\/content-type?post=13476"},{"taxonomy":"product_tag","embeddable":true,"href":"https:\/\/www.fundacionnaturgy.org\/ca\/wp-json\/wp\/v2\/product_tag?post=13476"}],"curies":[{"name":"wp","href":"https:\/\/api.w.org\/{rel}","templated":true}]}}