{"id":13478,"date":"2006-12-10T16:56:29","date_gmt":"2006-12-10T15:56:29","guid":{"rendered":"https:\/\/www.fundacionnaturgy.org\/ca\/product\/una-historia-del-gas-a-alacant\/"},"modified":"2020-02-27T15:50:40","modified_gmt":"2020-02-27T14:50:40","slug":"una-historia-del-gas-a-alacant","status":"publish","type":"product","link":"https:\/\/www.fundacionnaturgy.org\/ca\/publicacion\/una-historia-del-gas-a-alacant\/","title":{"rendered":"Una hist\u00f2ria del gas a Alacant"},"content":{"rendered":"<p>Dionisio Garc\u00eda de la Font, autor cl\u00e0ssic de la hist\u00f2ria de la ind\u00fastria del gas a Espanya, presenta el desenvolupament d&#8217;aquesta ind\u00fastria a Alacant, que s&#8217;inicia en 1857 de la m\u00e0 del marqu\u00e8s de Salamanca, passant per mans franceses i posteriorment de la companyia del gas de Madrid, fins a 1923 que ser\u00e0 un nou Gas Alacant que rellan\u00e7a el servei fins al tancament de la f\u00e0brica el 1961.\u00a0A\u00a0partir de l&#8217;anunci el 1988 de la instal\u00b7laci\u00f3 del gas natural per al Companyia Espanyola de gas, Alacant entra en l&#8217;\u00e8poca moderna del gas natural.<\/p>\n","protected":false},"excerpt":{"rendered":"<p>Dionisio Garc\u00eda de la Font, autor cl\u00e0ssic de la hist\u00f2ria de la ind\u00fastria del gas a Espanya, presenta el desenvolupament d&#8217;aquesta ind\u00fastria a Alacant, que s&#8217;inicia en 1857 de la m\u00e0 del marqu\u00e8s de Salamanca, passant per mans franceses i posteriorment de la companyia del gas de Madrid, fins a 1923 que ser\u00e0 un nou Gas Alacant que rellan\u00e7a el servei fins al tancament de la f\u00e0brica el 1961. A partir de l&#8217;anunci el 1988 de la instal\u00b7laci\u00f3 del gas natural per al Companyia Espanyola de gas, Alacant entra en l&#8217;\u00e8poca moderna del gas natural.<\/p>\n","protected":false},"featured_media":3589,"template":"","meta":{"inline_featured_image":false},"categories":[1206],"content-type":[1168],"product_tag":[],"acf":[],"post_class":["post-13478","product","type-product","status-publish","has-post-thumbnail","hentry","category-patrimoni-industrial","content-type-llibres","wordpress-sticky"],"_links":{"self":[{"href":"https:\/\/www.fundacionnaturgy.org\/ca\/wp-json\/wp\/v2\/product\/13478"}],"collection":[{"href":"https:\/\/www.fundacionnaturgy.org\/ca\/wp-json\/wp\/v2\/product"}],"about":[{"href":"https:\/\/www.fundacionnaturgy.org\/ca\/wp-json\/wp\/v2\/types\/product"}],"wp:featuredmedia":[{"embeddable":true,"href":"https:\/\/www.fundacionnaturgy.org\/ca\/wp-json\/wp\/v2\/media\/3589"}],"wp:attachment":[{"href":"https:\/\/www.fundacionnaturgy.org\/ca\/wp-json\/wp\/v2\/media?parent=13478"}],"wp:term":[{"taxonomy":"category","embeddable":true,"href":"https:\/\/www.fundacionnaturgy.org\/ca\/wp-json\/wp\/v2\/categories?post=13478"},{"taxonomy":"content-type","embeddable":true,"href":"https:\/\/www.fundacionnaturgy.org\/ca\/wp-json\/wp\/v2\/content-type?post=13478"},{"taxonomy":"product_tag","embeddable":true,"href":"https:\/\/www.fundacionnaturgy.org\/ca\/wp-json\/wp\/v2\/product_tag?post=13478"}],"curies":[{"name":"wp","href":"https:\/\/api.w.org\/{rel}","templated":true}]}}