{"id":13479,"date":"2009-12-10T17:04:28","date_gmt":"2009-12-10T16:04:28","guid":{"rendered":"https:\/\/www.fundacionnaturgy.org\/ca\/product\/la-industria-del-gas-a-cordova-1870-2007\/"},"modified":"2020-02-27T15:47:09","modified_gmt":"2020-02-27T14:47:09","slug":"la-industria-del-gas-a-cordova-1870-2007","status":"publish","type":"product","link":"https:\/\/www.fundacionnaturgy.org\/ca\/publicacion\/la-industria-del-gas-a-cordova-1870-2007\/","title":{"rendered":"La ind\u00fastria del gas a C\u00f2rdova (1870-2007)"},"content":{"rendered":"<p><em>La ind\u00fastria del gas a C\u00f2rdova <\/em>ens introdueix de manera rigorosa per\u00f2 agradable en totes les dificultats amb qu\u00e8 es va trobar C\u00f2rdova per poder disposar de l&#8217;enllumenat p\u00fablic per gas, una iniciativa industrial de gran inversi\u00f3 fa 140 anys, i del que va passar durant aquest llarg per\u00edode fins pr\u00e0cticament avui mateix.<\/p>\n<p><b>ISBN :<\/b> 978-84-613-3898-6<\/p>\n","protected":false},"excerpt":{"rendered":"<p>La ind\u00fastria del gas a C\u00f2rdova ens introdueix de manera rigorosa per\u00f2 agradable en totes les dificultats amb qu\u00e8 es va trobar C\u00f2rdova per poder disposar de l&#8217;enllumenat p\u00fablic per gas, una iniciativa industrial de gran inversi\u00f3 fa 140 anys, i del que va passar durant aquest llarg per\u00edode fins pr\u00e0cticament avui mateix.<\/p>\n<p><b>ISBN :<\/b> 978-84-613-3898-6<\/p>\n","protected":false},"featured_media":3586,"template":"","meta":{"inline_featured_image":false},"categories":[1206],"content-type":[1168],"product_tag":[],"acf":[],"post_class":["post-13479","product","type-product","status-publish","has-post-thumbnail","hentry","category-patrimoni-industrial","content-type-llibres","wordpress-sticky"],"_links":{"self":[{"href":"https:\/\/www.fundacionnaturgy.org\/ca\/wp-json\/wp\/v2\/product\/13479"}],"collection":[{"href":"https:\/\/www.fundacionnaturgy.org\/ca\/wp-json\/wp\/v2\/product"}],"about":[{"href":"https:\/\/www.fundacionnaturgy.org\/ca\/wp-json\/wp\/v2\/types\/product"}],"wp:featuredmedia":[{"embeddable":true,"href":"https:\/\/www.fundacionnaturgy.org\/ca\/wp-json\/wp\/v2\/media\/3586"}],"wp:attachment":[{"href":"https:\/\/www.fundacionnaturgy.org\/ca\/wp-json\/wp\/v2\/media?parent=13479"}],"wp:term":[{"taxonomy":"category","embeddable":true,"href":"https:\/\/www.fundacionnaturgy.org\/ca\/wp-json\/wp\/v2\/categories?post=13479"},{"taxonomy":"content-type","embeddable":true,"href":"https:\/\/www.fundacionnaturgy.org\/ca\/wp-json\/wp\/v2\/content-type?post=13479"},{"taxonomy":"product_tag","embeddable":true,"href":"https:\/\/www.fundacionnaturgy.org\/ca\/wp-json\/wp\/v2\/product_tag?post=13479"}],"curies":[{"name":"wp","href":"https:\/\/api.w.org\/{rel}","templated":true}]}}