{"id":13480,"date":"2010-12-10T17:11:05","date_gmt":"2010-12-10T16:11:05","guid":{"rendered":"https:\/\/www.fundacionnaturgy.org\/ca\/product\/la-industria-del-gas-a-galicia-de-lenllumenat-per-gas-al-segle-xxi-1850-2005\/"},"modified":"2020-02-27T15:46:33","modified_gmt":"2020-02-27T14:46:33","slug":"la-industria-del-gas-a-galicia-de-lenllumenat-per-gas-al-segle-xxi-1850-2005","status":"publish","type":"product","link":"https:\/\/www.fundacionnaturgy.org\/ca\/publicacion\/la-industria-del-gas-a-galicia-de-lenllumenat-per-gas-al-segle-xxi-1850-2005\/","title":{"rendered":"La ind\u00fastria del gas a Gal\u00edcia: de l&#8217;enllumenat per gas al segle XXI, 1850-2005"},"content":{"rendered":"<p>La hist\u00f2ria del gas a Gal\u00edcia es va iniciar en un lluny\u00e0 1853 quan l&#8217;emprenedor franc\u00e8s Louis Laty va aconseguir que l&#8217;Ajuntament de La Corunya li atorgu\u00e9s el contracte d&#8217;enllumenat per gas de la ciutat.<\/p>\n<p>D&#8217;aquesta manera, en aparen\u00e7a senzilla, comen\u00e7ava el primer servei p\u00fablic, que indubtablement exigia una inversi\u00f3 elevada i capitals abundants, per produir una millora urbana d&#8217;una transcend\u00e8ncia sociol\u00f2gica indubtable.<\/p>\n<p><b>ISBN :<\/b> 978-84-613-5597-6<\/p>\n","protected":false},"excerpt":{"rendered":"<p>La hist\u00f2ria del gas a Gal\u00edcia es va iniciar en un lluny\u00e0 1853 quan l&#8217;emprenedor franc\u00e8s Louis Laty va aconseguir que l&#8217;Ajuntament de La Corunya li atorgu\u00e9s el contracte d&#8217;enllumenat per gas de la ciutat.<\/p>\n<p>D&#8217;aquesta manera, en aparen\u00e7a senzilla, comen\u00e7ava el primer servei p\u00fablic, que indubtablement exigia una inversi\u00f3 elevada i capitals abundants, per produir una millora urbana d&#8217;una transcend\u00e8ncia sociol\u00f2gica indubtable.<\/p>\n<p><b>ISBN :<\/b> 978-84-613-5597-6<\/p>\n","protected":false},"featured_media":3583,"template":"","meta":{"inline_featured_image":false},"categories":[1206],"content-type":[1168],"product_tag":[],"acf":[],"post_class":["post-13480","product","type-product","status-publish","has-post-thumbnail","hentry","category-patrimoni-industrial","content-type-llibres","wordpress-sticky"],"_links":{"self":[{"href":"https:\/\/www.fundacionnaturgy.org\/ca\/wp-json\/wp\/v2\/product\/13480"}],"collection":[{"href":"https:\/\/www.fundacionnaturgy.org\/ca\/wp-json\/wp\/v2\/product"}],"about":[{"href":"https:\/\/www.fundacionnaturgy.org\/ca\/wp-json\/wp\/v2\/types\/product"}],"wp:featuredmedia":[{"embeddable":true,"href":"https:\/\/www.fundacionnaturgy.org\/ca\/wp-json\/wp\/v2\/media\/3583"}],"wp:attachment":[{"href":"https:\/\/www.fundacionnaturgy.org\/ca\/wp-json\/wp\/v2\/media?parent=13480"}],"wp:term":[{"taxonomy":"category","embeddable":true,"href":"https:\/\/www.fundacionnaturgy.org\/ca\/wp-json\/wp\/v2\/categories?post=13480"},{"taxonomy":"content-type","embeddable":true,"href":"https:\/\/www.fundacionnaturgy.org\/ca\/wp-json\/wp\/v2\/content-type?post=13480"},{"taxonomy":"product_tag","embeddable":true,"href":"https:\/\/www.fundacionnaturgy.org\/ca\/wp-json\/wp\/v2\/product_tag?post=13480"}],"curies":[{"name":"wp","href":"https:\/\/api.w.org\/{rel}","templated":true}]}}