{"id":13481,"date":"2011-12-10T17:25:49","date_gmt":"2011-12-10T16:25:49","guid":{"rendered":"https:\/\/www.fundacionnaturgy.org\/ca\/product\/la-reial-fabrica-de-gas-de-madrid\/"},"modified":"2020-02-27T15:45:09","modified_gmt":"2020-02-27T14:45:09","slug":"la-reial-fabrica-de-gas-de-madrid","status":"publish","type":"product","link":"https:\/\/www.fundacionnaturgy.org\/ca\/publicacion\/la-reial-fabrica-de-gas-de-madrid\/","title":{"rendered":"La Reial F\u00e0brica de Gas de Madrid"},"content":{"rendered":"<p>En la introducci\u00f3 de l&#8217;enllumenat per gas a Espanya hi ha un cap\u00edtol rellevant, conegut per\u00f2 poc treballat, el que es refereix a la hist\u00f2ria de la Reial F\u00e0brica de Gas instal\u00b7lada al Palau Reial de Madrid per il\u00b7luminar les depend\u00e8ncies i el seu entorn, i designada el 1833, com a &#8220;<i>Reial F\u00e0brica del Gas pr\u00f2pia de S.M.<\/i>&#8220;. Aquest llibre est\u00e0 orientat a omplir aquest buit, amb un treball d&#8217;investigaci\u00f3, que permet aportacions originals&#8230;.<\/p>\n<p><b>ISBN :<\/b> 978-84-614-6172-1<\/p>\n","protected":false},"excerpt":{"rendered":"<p>En la introducci\u00f3 de l&#8217;enllumenat per gas a Espanya hi ha un cap\u00edtol rellevant, conegut per\u00f2 poc treballat, el que es refereix a la hist\u00f2ria de la Reial F\u00e0brica de Gas instal\u00b7lada al Palau Reial de Madrid per il\u00b7luminar les depend\u00e8ncies i el seu entorn, i designada el 1833, com a &#8220;<i>Reial F\u00e0brica del Gas pr\u00f2pia de S.M.<\/i>&#8220;. Aquest llibre est\u00e0 orientat a omplir aquest buit, amb un treball d&#8217;investigaci\u00f3, que permet aportacions originals&#8230;.<\/p>\n<p><b>ISBN :<\/b> 978-84-614-6172-1<\/p>\n","protected":false},"featured_media":3570,"template":"","meta":{"inline_featured_image":false},"categories":[1206],"content-type":[1168],"product_tag":[],"acf":[],"post_class":["post-13481","product","type-product","status-publish","has-post-thumbnail","hentry","category-patrimoni-industrial","content-type-llibres","wordpress-sticky"],"_links":{"self":[{"href":"https:\/\/www.fundacionnaturgy.org\/ca\/wp-json\/wp\/v2\/product\/13481"}],"collection":[{"href":"https:\/\/www.fundacionnaturgy.org\/ca\/wp-json\/wp\/v2\/product"}],"about":[{"href":"https:\/\/www.fundacionnaturgy.org\/ca\/wp-json\/wp\/v2\/types\/product"}],"wp:featuredmedia":[{"embeddable":true,"href":"https:\/\/www.fundacionnaturgy.org\/ca\/wp-json\/wp\/v2\/media\/3570"}],"wp:attachment":[{"href":"https:\/\/www.fundacionnaturgy.org\/ca\/wp-json\/wp\/v2\/media?parent=13481"}],"wp:term":[{"taxonomy":"category","embeddable":true,"href":"https:\/\/www.fundacionnaturgy.org\/ca\/wp-json\/wp\/v2\/categories?post=13481"},{"taxonomy":"content-type","embeddable":true,"href":"https:\/\/www.fundacionnaturgy.org\/ca\/wp-json\/wp\/v2\/content-type?post=13481"},{"taxonomy":"product_tag","embeddable":true,"href":"https:\/\/www.fundacionnaturgy.org\/ca\/wp-json\/wp\/v2\/product_tag?post=13481"}],"curies":[{"name":"wp","href":"https:\/\/api.w.org\/{rel}","templated":true}]}}