{"id":13482,"date":"2012-12-10T17:31:17","date_gmt":"2012-12-10T16:31:17","guid":{"rendered":"https:\/\/www.fundacionnaturgy.org\/ca\/product\/la-tecnologia-del-gas-a-traves-de-la-seva-historia\/"},"modified":"2020-02-27T15:43:32","modified_gmt":"2020-02-27T14:43:32","slug":"la-tecnologia-del-gas-a-traves-de-la-seva-historia","status":"publish","type":"product","link":"https:\/\/www.fundacionnaturgy.org\/ca\/publicacion\/la-tecnologia-del-gas-a-traves-de-la-seva-historia\/","title":{"rendered":"La tecnologia del gas a trav\u00e9s de la seva hist\u00f2ria"},"content":{"rendered":"<p>El llibre repassa l&#8217;evoluci\u00f3 de la tecnologia aplicada a la ind\u00fastria del gas des dels seus inicis, fins al final del segle XVIII, fins a arribar a l&#8217;actualitat, en els \u00e0mbits de les f\u00e0briques de gas que destil\u00b7laven el carb\u00f3 fins a l&#8217;actualitat natural del gas, com en les caigudes de transport o de distribuci\u00f3 de gas, aix\u00ed com en els aparells de consum a casa dels ciutadans.<\/p>\n","protected":false},"excerpt":{"rendered":"<p>El llibre repassa l&#8217;evoluci\u00f3 de la tecnologia aplicada a la ind\u00fastria del gas des dels seus inicis, fins al final del segle XVIII, fins a arribar a l&#8217;actualitat, en els \u00e0mbits de les f\u00e0briques de gas que destil\u00b7laven el carb\u00f3 fins a l&#8217;actualitat natural del gas, com en les caigudes de transport o de distribuci\u00f3 de gas, aix\u00ed com en els aparells de consum a casa dels ciutadans.<\/p>\n","protected":false},"featured_media":3567,"template":"","meta":{"inline_featured_image":false},"categories":[],"content-type":[1168],"product_tag":[],"acf":[],"post_class":["post-13482","product","type-product","status-publish","has-post-thumbnail","hentry","content-type-llibres","wordpress-sticky"],"_links":{"self":[{"href":"https:\/\/www.fundacionnaturgy.org\/ca\/wp-json\/wp\/v2\/product\/13482"}],"collection":[{"href":"https:\/\/www.fundacionnaturgy.org\/ca\/wp-json\/wp\/v2\/product"}],"about":[{"href":"https:\/\/www.fundacionnaturgy.org\/ca\/wp-json\/wp\/v2\/types\/product"}],"wp:featuredmedia":[{"embeddable":true,"href":"https:\/\/www.fundacionnaturgy.org\/ca\/wp-json\/wp\/v2\/media\/3567"}],"wp:attachment":[{"href":"https:\/\/www.fundacionnaturgy.org\/ca\/wp-json\/wp\/v2\/media?parent=13482"}],"wp:term":[{"taxonomy":"category","embeddable":true,"href":"https:\/\/www.fundacionnaturgy.org\/ca\/wp-json\/wp\/v2\/categories?post=13482"},{"taxonomy":"content-type","embeddable":true,"href":"https:\/\/www.fundacionnaturgy.org\/ca\/wp-json\/wp\/v2\/content-type?post=13482"},{"taxonomy":"product_tag","embeddable":true,"href":"https:\/\/www.fundacionnaturgy.org\/ca\/wp-json\/wp\/v2\/product_tag?post=13482"}],"curies":[{"name":"wp","href":"https:\/\/api.w.org\/{rel}","templated":true}]}}