{"id":13483,"date":"2012-12-10T17:36:25","date_gmt":"2012-12-10T16:36:25","guid":{"rendered":"https:\/\/www.fundacionnaturgy.org\/ca\/product\/un-model-dempresa-energetica-local-gas-reusenc-1854-1969\/"},"modified":"2020-02-27T15:43:26","modified_gmt":"2020-02-27T14:43:26","slug":"un-model-dempresa-energetica-local-gas-reusenc-1854-1969","status":"publish","type":"product","link":"https:\/\/www.fundacionnaturgy.org\/ca\/publicacion\/un-model-dempresa-energetica-local-gas-reusenc-1854-1969\/","title":{"rendered":"Un model d&#8217;empresa energ\u00e8tica local: Gas Reusenc (1854-1969)"},"content":{"rendered":"<p>La ind\u00fastria del gas va arribar a Reus, en aquells dies segona ciutat de Catalunya, canviant els h\u00e0bits dels seus ciutadans. L&#8217;obra explica el vincle entre l&#8217;activitat industrial de l&#8217;empresa local Gas Reusense amb l&#8217;evoluci\u00f3 de la poblaci\u00f3 i la societat de l&#8217;\u00e8poca. L&#8217;empresa es va crear majorit\u00e0riament amb capital local, i es va convertir en un s\u00edmbol de progr\u00e9s i modernitat.<\/p>\n","protected":false},"excerpt":{"rendered":"<p>La ind\u00fastria del gas va arribar a Reus, en aquells dies segona ciutat de Catalunya, canviant els h\u00e0bits dels seus ciutadans. L&#8217;obra explica el vincle entre l&#8217;activitat industrial de l&#8217;empresa local Gas Reusense amb l&#8217;evoluci\u00f3 de la poblaci\u00f3 i la societat de l&#8217;\u00e8poca. L&#8217;empresa es va crear majorit\u00e0riament amb capital local, i es va convertir en un s\u00edmbol de progr\u00e9s i modernitat.<\/p>\n","protected":false},"featured_media":3564,"template":"","meta":{"inline_featured_image":false},"categories":[1206],"content-type":[1168],"product_tag":[],"acf":[],"post_class":["post-13483","product","type-product","status-publish","has-post-thumbnail","hentry","category-patrimoni-industrial","content-type-llibres","wordpress-sticky"],"_links":{"self":[{"href":"https:\/\/www.fundacionnaturgy.org\/ca\/wp-json\/wp\/v2\/product\/13483"}],"collection":[{"href":"https:\/\/www.fundacionnaturgy.org\/ca\/wp-json\/wp\/v2\/product"}],"about":[{"href":"https:\/\/www.fundacionnaturgy.org\/ca\/wp-json\/wp\/v2\/types\/product"}],"wp:featuredmedia":[{"embeddable":true,"href":"https:\/\/www.fundacionnaturgy.org\/ca\/wp-json\/wp\/v2\/media\/3564"}],"wp:attachment":[{"href":"https:\/\/www.fundacionnaturgy.org\/ca\/wp-json\/wp\/v2\/media?parent=13483"}],"wp:term":[{"taxonomy":"category","embeddable":true,"href":"https:\/\/www.fundacionnaturgy.org\/ca\/wp-json\/wp\/v2\/categories?post=13483"},{"taxonomy":"content-type","embeddable":true,"href":"https:\/\/www.fundacionnaturgy.org\/ca\/wp-json\/wp\/v2\/content-type?post=13483"},{"taxonomy":"product_tag","embeddable":true,"href":"https:\/\/www.fundacionnaturgy.org\/ca\/wp-json\/wp\/v2\/product_tag?post=13483"}],"curies":[{"name":"wp","href":"https:\/\/api.w.org\/{rel}","templated":true}]}}