{"id":13486,"date":"2010-12-10T17:50:29","date_gmt":"2010-12-10T16:50:29","guid":{"rendered":"https:\/\/www.fundacionnaturgy.org\/ca\/product\/els-boscos-i-el-cicle-del-carboni-com-mitigar-el-canvi-climatic\/"},"modified":"2020-02-27T15:45:24","modified_gmt":"2020-02-27T14:45:24","slug":"els-boscos-i-el-cicle-del-carboni-com-mitigar-el-canvi-climatic","status":"publish","type":"product","link":"https:\/\/www.fundacionnaturgy.org\/ca\/publicacion\/els-boscos-i-el-cicle-del-carboni-com-mitigar-el-canvi-climatic\/","title":{"rendered":"Els boscos i el cicle del carboni: com mitigar el canvi clim\u00e0tic"},"content":{"rendered":"<p>La Fundaci\u00f3 Gas Natural i la Universitat de Bari presenten el llibre <em>Els boscos i el cicle del carboni a It\u00e0lia:<\/em> <em>com mitigar el canvi clim\u00e0tic<\/em>.<\/p>\n<p><b>ISBN :<\/b> 978-84-613-7161-7<\/p>\n","protected":false},"excerpt":{"rendered":"<p>La Fundaci\u00f3 Gas Natural i la Universitat de Bari presenten el llibre <em>Els boscos i el cicle del carboni a It\u00e0lia:<\/em> <em>com mitigar el canvi clim\u00e0tic<\/em>.<\/p>\n<p><b>ISBN :<\/b> 978-84-613-7161-7<\/p>\n","protected":false},"featured_media":3558,"template":"","meta":{"inline_featured_image":false},"categories":[1205],"content-type":[1168],"product_tag":[],"acf":[],"post_class":["post-13486","product","type-product","status-publish","has-post-thumbnail","hentry","category-medi-ambient","content-type-llibres","wordpress-sticky"],"_links":{"self":[{"href":"https:\/\/www.fundacionnaturgy.org\/ca\/wp-json\/wp\/v2\/product\/13486"}],"collection":[{"href":"https:\/\/www.fundacionnaturgy.org\/ca\/wp-json\/wp\/v2\/product"}],"about":[{"href":"https:\/\/www.fundacionnaturgy.org\/ca\/wp-json\/wp\/v2\/types\/product"}],"wp:featuredmedia":[{"embeddable":true,"href":"https:\/\/www.fundacionnaturgy.org\/ca\/wp-json\/wp\/v2\/media\/3558"}],"wp:attachment":[{"href":"https:\/\/www.fundacionnaturgy.org\/ca\/wp-json\/wp\/v2\/media?parent=13486"}],"wp:term":[{"taxonomy":"category","embeddable":true,"href":"https:\/\/www.fundacionnaturgy.org\/ca\/wp-json\/wp\/v2\/categories?post=13486"},{"taxonomy":"content-type","embeddable":true,"href":"https:\/\/www.fundacionnaturgy.org\/ca\/wp-json\/wp\/v2\/content-type?post=13486"},{"taxonomy":"product_tag","embeddable":true,"href":"https:\/\/www.fundacionnaturgy.org\/ca\/wp-json\/wp\/v2\/product_tag?post=13486"}],"curies":[{"name":"wp","href":"https:\/\/api.w.org\/{rel}","templated":true}]}}