{"id":13493,"date":"2014-11-27T19:40:45","date_gmt":"2014-11-27T18:40:45","guid":{"rendered":"https:\/\/www.fundacionnaturgy.org\/ca\/product\/lemmagatzematge-de-lelectricitat\/"},"modified":"2020-02-27T15:43:13","modified_gmt":"2020-02-27T14:43:13","slug":"lemmagatzematge-de-lelectricitat","status":"publish","type":"product","link":"https:\/\/www.fundacionnaturgy.org\/ca\/publicacion\/lemmagatzematge-de-lelectricitat\/","title":{"rendered":"L&#8217;emmagatzematge de l&#8217;electricitat"},"content":{"rendered":"<p>Un dels principals reptes del sector energ\u00e8tic a tot el m\u00f3n \u00e9s l&#8217;emmagatzematge de l&#8217;electricitat. Encara no sabem emmagatzemar l&#8217;electricitat d&#8217;una manera eficient i barata. Aquest fet ens obliga a consumir l&#8217;electricitat de manera immediata despr\u00e9s de la seva generaci\u00f3 i condiciona tot el sistema energ\u00e8tic. Aquest llibre informa de l&#8217;estat de les diferents tecnologies de l&#8217;emmagatzematge de l&#8217;electricitat al m\u00f3n a partir dels embassaments hidr\u00e0ulics reversibles, aix\u00ed com de les tecnologies associades a les bateries, a l&#8217;\u00fas del gas natural com a magatzem (&#8220;power to gas&#8221;) i a les sals foses. Finalment, s&#8217;identifiquen les principals barreres i obstacles, tant de tipus tecnol\u00f2gic com econ\u00f2mic, que cal superar per aconseguir un emmagatzematge de l&#8217;electricitat realment viable.<\/p>\n","protected":false},"excerpt":{"rendered":"<p>Un dels principals reptes del sector energ\u00e8tic a tot el m\u00f3n \u00e9s l&#8217;emmagatzematge de l&#8217;electricitat. Encara no sabem emmagatzemar l&#8217;electricitat d&#8217;una manera eficient i barata. Aquest fet ens obliga a consumir l&#8217;electricitat de manera immediata despr\u00e9s de la seva generaci\u00f3 i condiciona tot el sistema energ\u00e8tic. Aquest llibre informa de l&#8217;estat de les diferents tecnologies de l&#8217;emmagatzematge de l&#8217;electricitat al m\u00f3n a partir dels embassaments hidr\u00e0ulics reversibles, aix\u00ed com de les tecnologies associades a les bateries, a l&#8217;\u00fas del gas natural com a magatzem (&#8220;power to gas&#8221;) i a les sals foses. Finalment, s&#8217;identifiquen les principals barreres i obstacles, tant de tipus tecnol\u00f2gic com econ\u00f2mic, que cal superar per aconseguir un emmagatzematge de l&#8217;electricitat realment viable.<\/p>\n","protected":false},"featured_media":3340,"template":"","meta":{"inline_featured_image":false},"categories":[],"content-type":[1168],"product_tag":[],"acf":[],"post_class":["post-13493","product","type-product","status-publish","has-post-thumbnail","hentry","content-type-llibres","wordpress-sticky"],"_links":{"self":[{"href":"https:\/\/www.fundacionnaturgy.org\/ca\/wp-json\/wp\/v2\/product\/13493"}],"collection":[{"href":"https:\/\/www.fundacionnaturgy.org\/ca\/wp-json\/wp\/v2\/product"}],"about":[{"href":"https:\/\/www.fundacionnaturgy.org\/ca\/wp-json\/wp\/v2\/types\/product"}],"wp:featuredmedia":[{"embeddable":true,"href":"https:\/\/www.fundacionnaturgy.org\/ca\/wp-json\/wp\/v2\/media\/3340"}],"wp:attachment":[{"href":"https:\/\/www.fundacionnaturgy.org\/ca\/wp-json\/wp\/v2\/media?parent=13493"}],"wp:term":[{"taxonomy":"category","embeddable":true,"href":"https:\/\/www.fundacionnaturgy.org\/ca\/wp-json\/wp\/v2\/categories?post=13493"},{"taxonomy":"content-type","embeddable":true,"href":"https:\/\/www.fundacionnaturgy.org\/ca\/wp-json\/wp\/v2\/content-type?post=13493"},{"taxonomy":"product_tag","embeddable":true,"href":"https:\/\/www.fundacionnaturgy.org\/ca\/wp-json\/wp\/v2\/product_tag?post=13493"}],"curies":[{"name":"wp","href":"https:\/\/api.w.org\/{rel}","templated":true}]}}