{"id":13494,"date":"2015-11-27T19:48:39","date_gmt":"2015-11-27T18:48:39","guid":{"rendered":"https:\/\/www.fundacionnaturgy.org\/ca\/product\/la-creacio-de-valor-compartit-en-el-sector-energetic\/"},"modified":"2020-02-27T15:43:01","modified_gmt":"2020-02-27T14:43:01","slug":"la-creacio-de-valor-compartit-en-el-sector-energetic","status":"publish","type":"product","link":"https:\/\/www.fundacionnaturgy.org\/ca\/publicacion\/la-creacio-de-valor-compartit-en-el-sector-energetic\/","title":{"rendered":"La creaci\u00f3 de valor compartit en el sector energ\u00e8tic"},"content":{"rendered":"<p>El llibre ofereix experi\u00e8ncies i propostes d&#8217;actuaci\u00f3 per a companyies i institucions del sector energ\u00e8tic que vulguin aplicar una estrat\u00e8gia de creaci\u00f3 de valor compartit (CVC). La CVC est\u00e0 orientada a la creaci\u00f3 simult\u00e0nia de valor, tant per a l&#8217;empresa com per a la societat en la qual opera. La publicaci\u00f3 inclou 25 casos reals d&#8217;accions realitzades per diferents companyies energ\u00e8tiques, en diferents llocs del m\u00f3n. Aquests casos pr\u00e0ctics estan agrupats en tres categories: desenvolupament socioecon\u00f2mic local vinculat a la mateixa activitat empresarial, actuaci\u00f3 ambiental amb valor socioecon\u00f2mic afegit i facilitaci\u00f3 de l&#8217;acc\u00e9s a l&#8217;energia.<\/p>\n","protected":false},"excerpt":{"rendered":"<p>El llibre ofereix experi\u00e8ncies i propostes d&#8217;actuaci\u00f3 per a companyies i institucions del sector energ\u00e8tic que vulguin aplicar una estrat\u00e8gia de creaci\u00f3 de valor compartit (CVC). La CVC est\u00e0 orientada a la creaci\u00f3 simult\u00e0nia de valor, tant per a l&#8217;empresa com per a la societat en la qual opera. La publicaci\u00f3 inclou 25 casos reals d&#8217;accions realitzades per diferents companyies energ\u00e8tiques, en diferents llocs del m\u00f3n. Aquests casos pr\u00e0ctics estan agrupats en tres categories: desenvolupament socioecon\u00f2mic local vinculat a la mateixa activitat empresarial, actuaci\u00f3 ambiental amb valor socioecon\u00f2mic afegit i facilitaci\u00f3 de l&#8217;acc\u00e9s a l&#8217;energia.<\/p>\n","protected":false},"featured_media":3337,"template":"","meta":{"inline_featured_image":false},"categories":[1208],"content-type":[1168],"product_tag":[],"acf":[],"post_class":["post-13494","product","type-product","status-publish","has-post-thumbnail","hentry","category-transicio-energetica","content-type-llibres","wordpress-sticky"],"_links":{"self":[{"href":"https:\/\/www.fundacionnaturgy.org\/ca\/wp-json\/wp\/v2\/product\/13494"}],"collection":[{"href":"https:\/\/www.fundacionnaturgy.org\/ca\/wp-json\/wp\/v2\/product"}],"about":[{"href":"https:\/\/www.fundacionnaturgy.org\/ca\/wp-json\/wp\/v2\/types\/product"}],"wp:featuredmedia":[{"embeddable":true,"href":"https:\/\/www.fundacionnaturgy.org\/ca\/wp-json\/wp\/v2\/media\/3337"}],"wp:attachment":[{"href":"https:\/\/www.fundacionnaturgy.org\/ca\/wp-json\/wp\/v2\/media?parent=13494"}],"wp:term":[{"taxonomy":"category","embeddable":true,"href":"https:\/\/www.fundacionnaturgy.org\/ca\/wp-json\/wp\/v2\/categories?post=13494"},{"taxonomy":"content-type","embeddable":true,"href":"https:\/\/www.fundacionnaturgy.org\/ca\/wp-json\/wp\/v2\/content-type?post=13494"},{"taxonomy":"product_tag","embeddable":true,"href":"https:\/\/www.fundacionnaturgy.org\/ca\/wp-json\/wp\/v2\/product_tag?post=13494"}],"curies":[{"name":"wp","href":"https:\/\/api.w.org\/{rel}","templated":true}]}}