{"id":13499,"date":"2012-12-03T16:03:44","date_gmt":"2012-12-03T15:03:44","guid":{"rendered":"https:\/\/www.fundacionnaturgy.org\/ca\/product\/eficiencia-energetica-en-la-rehabilitacio-dedificis\/"},"modified":"2020-02-27T15:43:45","modified_gmt":"2020-02-27T14:43:45","slug":"eficiencia-energetica-en-la-rehabilitacio-dedificis","status":"publish","type":"product","link":"https:\/\/www.fundacionnaturgy.org\/ca\/publicacion\/eficiencia-energetica-en-la-rehabilitacio-dedificis\/","title":{"rendered":"Efici\u00e8ncia energ\u00e8tica en la rehabilitaci\u00f3 d&#8217;edificis"},"content":{"rendered":"<p>A Espanya hi ha un important parc d&#8217;edificis d&#8217;una certa antiguitat i molt poc eficients des del punt de vista energ\u00e8tic. Aquest llibre avalua les principals mesures d&#8217;efici\u00e8ncia energ\u00e8tica que es poden dur a terme en la rehabilitaci\u00f3 d&#8217;edificis des del doble punt de vista de l&#8217;estalvi energ\u00e8tic i del cost econ\u00f2mic (cost\/benefici). \u00a0Aix\u00ed mateix, estima el per\u00edode d&#8217;amortitzaci\u00f3 de les inversions necess\u00e0ries i la reducci\u00f3 d&#8217;emissions de CO<sub>2<\/sub> obtinguda. En tots els casos es distingeix en funci\u00f3 de la zona clim\u00e0tica analitzada i de l&#8217;\u00fas de l&#8217;edifici (habitatge, oficines o hotels). Aquest estudi analitza en detall 27 mesures d&#8217;efici\u00e8ncia energ\u00e8tica en tres grans blocs: l&#8217;envolupant de l&#8217;edifici, les instal\u00b7lacions energ\u00e8tiques i la gesti\u00f3.<\/p>\n","protected":false},"excerpt":{"rendered":"<p>A Espanya hi ha un important parc d&#8217;edificis d&#8217;una certa antiguitat i molt poc eficients des del punt de vista energ\u00e8tic. Aquest llibre avalua les principals mesures d&#8217;efici\u00e8ncia energ\u00e8tica que es poden dur a terme en la rehabilitaci\u00f3 d&#8217;edificis des del doble punt de vista de l&#8217;estalvi energ\u00e8tic i del cost econ\u00f2mic (cost\/benefici). \u00a0Aix\u00ed mateix, estima el per\u00edode d&#8217;amortitzaci\u00f3 de les inversions necess\u00e0ries i la reducci\u00f3 d&#8217;emissions de CO<sub>2<\/sub> obtinguda. En tots els casos es distingeix en funci\u00f3 de la zona clim\u00e0tica analitzada i de l&#8217;\u00fas de l&#8217;edifici (habitatge, oficines o hotels). Aquest estudi analitza en detall 27 mesures d&#8217;efici\u00e8ncia energ\u00e8tica en tres grans blocs: l&#8217;envolupant de l&#8217;edifici, les instal\u00b7lacions energ\u00e8tiques i la gesti\u00f3.<\/p>\n","protected":false},"featured_media":3343,"template":"","meta":{"inline_featured_image":false},"categories":[1200],"content-type":[1168],"product_tag":[],"acf":[],"post_class":["post-13499","product","type-product","status-publish","has-post-thumbnail","hentry","category-eficiencia-energetica-ca","content-type-llibres","wordpress-sticky"],"_links":{"self":[{"href":"https:\/\/www.fundacionnaturgy.org\/ca\/wp-json\/wp\/v2\/product\/13499"}],"collection":[{"href":"https:\/\/www.fundacionnaturgy.org\/ca\/wp-json\/wp\/v2\/product"}],"about":[{"href":"https:\/\/www.fundacionnaturgy.org\/ca\/wp-json\/wp\/v2\/types\/product"}],"wp:featuredmedia":[{"embeddable":true,"href":"https:\/\/www.fundacionnaturgy.org\/ca\/wp-json\/wp\/v2\/media\/3343"}],"wp:attachment":[{"href":"https:\/\/www.fundacionnaturgy.org\/ca\/wp-json\/wp\/v2\/media?parent=13499"}],"wp:term":[{"taxonomy":"category","embeddable":true,"href":"https:\/\/www.fundacionnaturgy.org\/ca\/wp-json\/wp\/v2\/categories?post=13499"},{"taxonomy":"content-type","embeddable":true,"href":"https:\/\/www.fundacionnaturgy.org\/ca\/wp-json\/wp\/v2\/content-type?post=13499"},{"taxonomy":"product_tag","embeddable":true,"href":"https:\/\/www.fundacionnaturgy.org\/ca\/wp-json\/wp\/v2\/product_tag?post=13499"}],"curies":[{"name":"wp","href":"https:\/\/api.w.org\/{rel}","templated":true}]}}