{"id":13500,"date":"2015-12-03T16:12:45","date_gmt":"2015-12-03T15:12:45","guid":{"rendered":"https:\/\/www.fundacionnaturgy.org\/ca\/product\/el-biogas\/"},"modified":"2020-02-27T15:35:38","modified_gmt":"2020-02-27T14:35:38","slug":"el-biogas","status":"publish","type":"product","link":"https:\/\/www.fundacionnaturgy.org\/ca\/publicacion\/el-biogas\/","title":{"rendered":"El biog\u00e0s"},"content":{"rendered":"<p>El biog\u00e0s \u00e9s un gas combustible que s&#8217;obt\u00e9 a trav\u00e9s de processos de degradaci\u00f3 de la mat\u00e8ria org\u00e0nica per part de microorganismes que actuen en abs\u00e8ncia d&#8217;oxigen, tamb\u00e9 anomenat proc\u00e9s de fermentaci\u00f3 o digesti\u00f3 anaer\u00f2bia. En aquesta fitxa es descriuen les tecnologies de concentraci\u00f3 i purificaci\u00f3 del biog\u00e0s d&#8217;abocador, ramader o de plantes depuradores d&#8217;aig\u00fces residuals, el proc\u00e9s de gasificaci\u00f3 termoqu\u00edmica de la biomassa per obtenir biomet\u00e0 a partir de gas de s\u00edntesi i la t\u00e8cnica de power to gas per produir biomet\u00e0. Es presenten els avantatges m\u00e9s significatius de l&#8217;\u00fas del biog\u00e0s i s&#8217;exposen diversos casos pr\u00e0ctics de la seva obtenci\u00f3 i \u00fas en activitats agr\u00e0ries, la seva aplicaci\u00f3 com a carburant en vehicles de transport i la seva contribuci\u00f3 (via injecci\u00f3) a la xarxa general de gas natural.<\/p>\n","protected":false},"excerpt":{"rendered":"<p>El biog\u00e0s \u00e9s un gas combustible que s&#8217;obt\u00e9 a trav\u00e9s de processos de degradaci\u00f3 de la mat\u00e8ria org\u00e0nica per part de microorganismes que actuen en abs\u00e8ncia d&#8217;oxigen, tamb\u00e9 anomenat proc\u00e9s de fermentaci\u00f3 o digesti\u00f3 anaer\u00f2bia. En aquesta fitxa es descriuen les tecnologies de concentraci\u00f3 i purificaci\u00f3 del biog\u00e0s d&#8217;abocador, ramader o de plantes depuradores d&#8217;aig\u00fces residuals, el proc\u00e9s de gasificaci\u00f3 termoqu\u00edmica de la biomassa per obtenir biomet\u00e0 a partir de gas de s\u00edntesi i la t\u00e8cnica de power to gas per produir biomet\u00e0. Es presenten els avantatges m\u00e9s significatius de l&#8217;\u00fas del biog\u00e0s i s&#8217;exposen diversos casos pr\u00e0ctics de la seva obtenci\u00f3 i \u00fas en activitats agr\u00e0ries, la seva aplicaci\u00f3 com a carburant en vehicles de transport i la seva contribuci\u00f3 (via injecci\u00f3) a la xarxa general de gas natural.<\/p>\n","protected":false},"featured_media":3464,"template":"","meta":{"inline_featured_image":false},"categories":[1201,1202,1208],"content-type":[1169],"product_tag":[],"acf":[],"post_class":["post-13500","product","type-product","status-publish","has-post-thumbnail","hentry","category-energia-i-transport","category-energies-renovables","category-transicio-energetica","content-type-videos","wordpress-sticky"],"_links":{"self":[{"href":"https:\/\/www.fundacionnaturgy.org\/ca\/wp-json\/wp\/v2\/product\/13500"}],"collection":[{"href":"https:\/\/www.fundacionnaturgy.org\/ca\/wp-json\/wp\/v2\/product"}],"about":[{"href":"https:\/\/www.fundacionnaturgy.org\/ca\/wp-json\/wp\/v2\/types\/product"}],"wp:featuredmedia":[{"embeddable":true,"href":"https:\/\/www.fundacionnaturgy.org\/ca\/wp-json\/wp\/v2\/media\/3464"}],"wp:attachment":[{"href":"https:\/\/www.fundacionnaturgy.org\/ca\/wp-json\/wp\/v2\/media?parent=13500"}],"wp:term":[{"taxonomy":"category","embeddable":true,"href":"https:\/\/www.fundacionnaturgy.org\/ca\/wp-json\/wp\/v2\/categories?post=13500"},{"taxonomy":"content-type","embeddable":true,"href":"https:\/\/www.fundacionnaturgy.org\/ca\/wp-json\/wp\/v2\/content-type?post=13500"},{"taxonomy":"product_tag","embeddable":true,"href":"https:\/\/www.fundacionnaturgy.org\/ca\/wp-json\/wp\/v2\/product_tag?post=13500"}],"curies":[{"name":"wp","href":"https:\/\/api.w.org\/{rel}","templated":true}]}}