{"id":13501,"date":"2012-12-03T16:00:19","date_gmt":"2012-12-03T15:00:19","guid":{"rendered":"https:\/\/www.fundacionnaturgy.org\/ca\/product\/lenergia-eolica\/"},"modified":"2020-02-27T15:43:51","modified_gmt":"2020-02-27T14:43:51","slug":"lenergia-eolica","status":"publish","type":"product","link":"https:\/\/www.fundacionnaturgy.org\/ca\/publicacion\/lenergia-eolica\/","title":{"rendered":"L&#8217;energia e\u00f2lica"},"content":{"rendered":"<p>Explica la hist\u00f2ria del sector e\u00f2lic des dels primers molins de vent fins als parcs e\u00f2lics actuals. S&#8217;analitza el vent com a recurs, es descriu i avalua la tecnologia actual i l&#8217;impacte que t\u00e9 la penetraci\u00f3 de l&#8217;energia e\u00f2lica a la xarxa el\u00e8ctrica. Tamb\u00e9 s&#8217;analitza la important contribuci\u00f3 de les centrals de cicle combinat per compensar els moments de baixa producci\u00f3 d&#8217;energia el\u00e8ctrica de fonts d&#8217;energia renovables &#8220;el back up&#8221;.<\/p>\n","protected":false},"excerpt":{"rendered":"<p>Explica la hist\u00f2ria del sector e\u00f2lic des dels primers molins de vent fins als parcs e\u00f2lics actuals. S&#8217;analitza el vent com a recurs, es descriu i avalua la tecnologia actual i l&#8217;impacte que t\u00e9 la penetraci\u00f3 de l&#8217;energia e\u00f2lica a la xarxa el\u00e8ctrica. Tamb\u00e9 s&#8217;analitza la important contribuci\u00f3 de les centrals de cicle combinat per compensar els moments de baixa producci\u00f3 d&#8217;energia el\u00e8ctrica de fonts d&#8217;energia renovables &#8220;el back up&#8221;.<\/p>\n","protected":false},"featured_media":3346,"template":"","meta":{"inline_featured_image":false},"categories":[1202],"content-type":[1168],"product_tag":[],"acf":[],"post_class":["post-13501","product","type-product","status-publish","has-post-thumbnail","hentry","category-energies-renovables","content-type-llibres","wordpress-sticky"],"_links":{"self":[{"href":"https:\/\/www.fundacionnaturgy.org\/ca\/wp-json\/wp\/v2\/product\/13501"}],"collection":[{"href":"https:\/\/www.fundacionnaturgy.org\/ca\/wp-json\/wp\/v2\/product"}],"about":[{"href":"https:\/\/www.fundacionnaturgy.org\/ca\/wp-json\/wp\/v2\/types\/product"}],"wp:featuredmedia":[{"embeddable":true,"href":"https:\/\/www.fundacionnaturgy.org\/ca\/wp-json\/wp\/v2\/media\/3346"}],"wp:attachment":[{"href":"https:\/\/www.fundacionnaturgy.org\/ca\/wp-json\/wp\/v2\/media?parent=13501"}],"wp:term":[{"taxonomy":"category","embeddable":true,"href":"https:\/\/www.fundacionnaturgy.org\/ca\/wp-json\/wp\/v2\/categories?post=13501"},{"taxonomy":"content-type","embeddable":true,"href":"https:\/\/www.fundacionnaturgy.org\/ca\/wp-json\/wp\/v2\/content-type?post=13501"},{"taxonomy":"product_tag","embeddable":true,"href":"https:\/\/www.fundacionnaturgy.org\/ca\/wp-json\/wp\/v2\/product_tag?post=13501"}],"curies":[{"name":"wp","href":"https:\/\/api.w.org\/{rel}","templated":true}]}}