{"id":13502,"date":"2012-12-03T15:30:40","date_gmt":"2012-12-03T14:30:40","guid":{"rendered":"https:\/\/www.fundacionnaturgy.org\/ca\/product\/leficiencia-energetica-en-lenllumenat\/"},"modified":"2020-02-27T15:44:01","modified_gmt":"2020-02-27T14:44:01","slug":"leficiencia-energetica-en-lenllumenat","status":"publish","type":"product","link":"https:\/\/www.fundacionnaturgy.org\/ca\/publicacion\/leficiencia-energetica-en-lenllumenat\/","title":{"rendered":"L&#8217;efici\u00e8ncia energ\u00e8tica en l&#8217;enllumenat"},"content":{"rendered":"<p>En aquesta guia s&#8217;expliquen els components dels sistemes lluminosos, aix\u00ed com les necessitats i les possibilitats de millorar l&#8217;efici\u00e8ncia energ\u00e8tica de l&#8217;enllumenat dom\u00e8stic, comercial, industrial, de les instal\u00b7lacions p\u00fabliques i del sector transport. S&#8217;expliquen dos casos pr\u00e0ctics de projectes eficients: Bridgestone Hispania i l&#8217;enllumenat p\u00fablic de Salobre, realitzat per Gas Natural Fenosa.<\/p>\n","protected":false},"excerpt":{"rendered":"<p>En aquesta guia s&#8217;expliquen els components dels sistemes lluminosos, aix\u00ed com les necessitats i les possibilitats de millorar l&#8217;efici\u00e8ncia energ\u00e8tica de l&#8217;enllumenat dom\u00e8stic, comercial, industrial, de les instal\u00b7lacions p\u00fabliques i del sector transport. S&#8217;expliquen dos casos pr\u00e0ctics de projectes eficients: Bridgestone Hispania i l&#8217;enllumenat p\u00fablic de Salobre, realitzat per Gas Natural Fenosa.<\/p>\n","protected":false},"featured_media":3351,"template":"","meta":{"inline_featured_image":false},"categories":[1200],"content-type":[1168],"product_tag":[],"acf":[],"post_class":["post-13502","product","type-product","status-publish","has-post-thumbnail","hentry","category-eficiencia-energetica-ca","content-type-llibres","wordpress-sticky"],"_links":{"self":[{"href":"https:\/\/www.fundacionnaturgy.org\/ca\/wp-json\/wp\/v2\/product\/13502"}],"collection":[{"href":"https:\/\/www.fundacionnaturgy.org\/ca\/wp-json\/wp\/v2\/product"}],"about":[{"href":"https:\/\/www.fundacionnaturgy.org\/ca\/wp-json\/wp\/v2\/types\/product"}],"wp:featuredmedia":[{"embeddable":true,"href":"https:\/\/www.fundacionnaturgy.org\/ca\/wp-json\/wp\/v2\/media\/3351"}],"wp:attachment":[{"href":"https:\/\/www.fundacionnaturgy.org\/ca\/wp-json\/wp\/v2\/media?parent=13502"}],"wp:term":[{"taxonomy":"category","embeddable":true,"href":"https:\/\/www.fundacionnaturgy.org\/ca\/wp-json\/wp\/v2\/categories?post=13502"},{"taxonomy":"content-type","embeddable":true,"href":"https:\/\/www.fundacionnaturgy.org\/ca\/wp-json\/wp\/v2\/content-type?post=13502"},{"taxonomy":"product_tag","embeddable":true,"href":"https:\/\/www.fundacionnaturgy.org\/ca\/wp-json\/wp\/v2\/product_tag?post=13502"}],"curies":[{"name":"wp","href":"https:\/\/api.w.org\/{rel}","templated":true}]}}