{"id":13503,"date":"2012-12-03T15:29:03","date_gmt":"2012-12-03T14:29:03","guid":{"rendered":"https:\/\/www.fundacionnaturgy.org\/ca\/product\/les-xarxes-electriques-intel%c2%b7ligents-2\/"},"modified":"2020-02-27T15:44:55","modified_gmt":"2020-02-27T14:44:55","slug":"les-xarxes-electriques-intel%c2%b7ligents-2","status":"publish","type":"product","link":"https:\/\/www.fundacionnaturgy.org\/ca\/publicacion\/les-xarxes-electriques-intel%c2%b7ligents-2\/","title":{"rendered":"Les xarxes el\u00e8ctriques intel\u00b7ligents"},"content":{"rendered":"<p>Com funciona el sistema el\u00e8ctric a Espanya? Qu\u00e8 s\u00f3n les xarxes intel\u00b7ligents i per qu\u00e8 s\u00f3n necess\u00e0ries? Quina relaci\u00f3 tenen amb la generaci\u00f3 d&#8217;electricitat distribu\u00efda al territori (energies renovables, cogeneraci\u00f3)? En quina mesura el cotxe el\u00e8ctric del futur en dep\u00e8n? En qu\u00e8 millorar\u00e0 la qualitat de vida als habitatges i les possibilitats d&#8217;efici\u00e8ncia i estalvi? Com millorar\u00e0 la qualitat del servei del subministrament el\u00e8ctric?<\/p>\n","protected":false},"excerpt":{"rendered":"<p>Com funciona el sistema el\u00e8ctric a Espanya? Qu\u00e8 s\u00f3n les xarxes intel\u00b7ligents i per qu\u00e8 s\u00f3n necess\u00e0ries? Quina relaci\u00f3 tenen amb la generaci\u00f3 d&#8217;electricitat distribu\u00efda al territori (energies renovables, cogeneraci\u00f3)? En quina mesura el cotxe el\u00e8ctric del futur en dep\u00e8n? En qu\u00e8 millorar\u00e0 la qualitat de vida als habitatges i les possibilitats d&#8217;efici\u00e8ncia i estalvi? Com millorar\u00e0 la qualitat del servei del subministrament el\u00e8ctric?<\/p>\n","protected":false},"featured_media":3354,"template":"","meta":{"inline_featured_image":false},"categories":[1200,1208],"content-type":[1168],"product_tag":[],"acf":[],"post_class":["post-13503","product","type-product","status-publish","has-post-thumbnail","hentry","category-eficiencia-energetica-ca","category-transicio-energetica","content-type-llibres","wordpress-sticky"],"_links":{"self":[{"href":"https:\/\/www.fundacionnaturgy.org\/ca\/wp-json\/wp\/v2\/product\/13503"}],"collection":[{"href":"https:\/\/www.fundacionnaturgy.org\/ca\/wp-json\/wp\/v2\/product"}],"about":[{"href":"https:\/\/www.fundacionnaturgy.org\/ca\/wp-json\/wp\/v2\/types\/product"}],"wp:featuredmedia":[{"embeddable":true,"href":"https:\/\/www.fundacionnaturgy.org\/ca\/wp-json\/wp\/v2\/media\/3354"}],"wp:attachment":[{"href":"https:\/\/www.fundacionnaturgy.org\/ca\/wp-json\/wp\/v2\/media?parent=13503"}],"wp:term":[{"taxonomy":"category","embeddable":true,"href":"https:\/\/www.fundacionnaturgy.org\/ca\/wp-json\/wp\/v2\/categories?post=13503"},{"taxonomy":"content-type","embeddable":true,"href":"https:\/\/www.fundacionnaturgy.org\/ca\/wp-json\/wp\/v2\/content-type?post=13503"},{"taxonomy":"product_tag","embeddable":true,"href":"https:\/\/www.fundacionnaturgy.org\/ca\/wp-json\/wp\/v2\/product_tag?post=13503"}],"curies":[{"name":"wp","href":"https:\/\/api.w.org\/{rel}","templated":true}]}}