{"id":13504,"date":"2011-12-03T16:33:43","date_gmt":"2011-12-03T15:33:43","guid":{"rendered":"https:\/\/www.fundacionnaturgy.org\/ca\/product\/lenergia-dels-vegetals\/"},"modified":"2020-02-27T15:45:18","modified_gmt":"2020-02-27T14:45:18","slug":"lenergia-dels-vegetals","status":"publish","type":"product","link":"https:\/\/www.fundacionnaturgy.org\/ca\/publicacion\/lenergia-dels-vegetals\/","title":{"rendered":"L&#8217;energia dels vegetals"},"content":{"rendered":"<p>El llibre repassa totes les opcions d&#8217;obtenci\u00f3 d&#8217;energia a partir dels vegetals, les algues i els microorganismes i n&#8217;avalua el rendiment, l&#8217;efici\u00e8ncia i l&#8217;impacte ambiental. Inclou indicacions sobre la contribuci\u00f3 de l&#8217;enginyeria gen\u00e8tica a la millora del potencial energ\u00e8tic de les plantes.<\/p>\n","protected":false},"excerpt":{"rendered":"<p>El llibre repassa totes les opcions d&#8217;obtenci\u00f3 d&#8217;energia a partir dels vegetals, les algues i els microorganismes i n&#8217;avalua el rendiment, l&#8217;efici\u00e8ncia i l&#8217;impacte ambiental. Inclou indicacions sobre la contribuci\u00f3 de l&#8217;enginyeria gen\u00e8tica a la millora del potencial energ\u00e8tic de les plantes.<\/p>\n","protected":false},"featured_media":3357,"template":"","meta":{"inline_featured_image":false},"categories":[1202,1208],"content-type":[1168],"product_tag":[],"acf":[],"post_class":["post-13504","product","type-product","status-publish","has-post-thumbnail","hentry","category-energies-renovables","category-transicio-energetica","content-type-llibres","wordpress-sticky"],"_links":{"self":[{"href":"https:\/\/www.fundacionnaturgy.org\/ca\/wp-json\/wp\/v2\/product\/13504"}],"collection":[{"href":"https:\/\/www.fundacionnaturgy.org\/ca\/wp-json\/wp\/v2\/product"}],"about":[{"href":"https:\/\/www.fundacionnaturgy.org\/ca\/wp-json\/wp\/v2\/types\/product"}],"wp:featuredmedia":[{"embeddable":true,"href":"https:\/\/www.fundacionnaturgy.org\/ca\/wp-json\/wp\/v2\/media\/3357"}],"wp:attachment":[{"href":"https:\/\/www.fundacionnaturgy.org\/ca\/wp-json\/wp\/v2\/media?parent=13504"}],"wp:term":[{"taxonomy":"category","embeddable":true,"href":"https:\/\/www.fundacionnaturgy.org\/ca\/wp-json\/wp\/v2\/categories?post=13504"},{"taxonomy":"content-type","embeddable":true,"href":"https:\/\/www.fundacionnaturgy.org\/ca\/wp-json\/wp\/v2\/content-type?post=13504"},{"taxonomy":"product_tag","embeddable":true,"href":"https:\/\/www.fundacionnaturgy.org\/ca\/wp-json\/wp\/v2\/product_tag?post=13504"}],"curies":[{"name":"wp","href":"https:\/\/api.w.org\/{rel}","templated":true}]}}