{"id":13505,"date":"2010-12-03T16:32:29","date_gmt":"2010-12-03T15:32:29","guid":{"rendered":"https:\/\/www.fundacionnaturgy.org\/ca\/product\/casos-practics-deficiencia-energetica-a-espanya\/"},"modified":"2020-02-27T15:46:40","modified_gmt":"2020-02-27T14:46:40","slug":"casos-practics-deficiencia-energetica-a-espanya","status":"publish","type":"product","link":"https:\/\/www.fundacionnaturgy.org\/ca\/publicacion\/casos-practics-deficiencia-energetica-a-espanya\/","title":{"rendered":"Casos pr\u00e0ctics d&#8217;efici\u00e8ncia energ\u00e8tica a Espanya"},"content":{"rendered":"<p>El llibre descriu 32 casos pr\u00e0ctics d&#8217;efici\u00e8ncia energ\u00e8tica realitzats en diferents sectors: habitatges, oficines, hotels, comer\u00e7os, hospitals, ind\u00fastria, transport, institucions culturals i iniciatives d&#8217;urbanitzaci\u00f3 de tot el territori espanyol. Hi destaca l&#8217;estalvi energ\u00e8tic i econ\u00f2mic obtingut i la reducci\u00f3 dels impactes negatius sobre el medi ambient.<\/p>\n","protected":false},"excerpt":{"rendered":"<p>El llibre descriu 32 casos pr\u00e0ctics d&#8217;efici\u00e8ncia energ\u00e8tica realitzats en diferents sectors: habitatges, oficines, hotels, comer\u00e7os, hospitals, ind\u00fastria, transport, institucions culturals i iniciatives d&#8217;urbanitzaci\u00f3 de tot el territori espanyol. Hi destaca l&#8217;estalvi energ\u00e8tic i econ\u00f2mic obtingut i la reducci\u00f3 dels impactes negatius sobre el medi ambient.<\/p>\n","protected":false},"featured_media":3363,"template":"","meta":{"inline_featured_image":false},"categories":[1200],"content-type":[1168],"product_tag":[],"acf":[],"post_class":["post-13505","product","type-product","status-publish","has-post-thumbnail","hentry","category-eficiencia-energetica-ca","content-type-llibres","wordpress-sticky"],"_links":{"self":[{"href":"https:\/\/www.fundacionnaturgy.org\/ca\/wp-json\/wp\/v2\/product\/13505"}],"collection":[{"href":"https:\/\/www.fundacionnaturgy.org\/ca\/wp-json\/wp\/v2\/product"}],"about":[{"href":"https:\/\/www.fundacionnaturgy.org\/ca\/wp-json\/wp\/v2\/types\/product"}],"wp:featuredmedia":[{"embeddable":true,"href":"https:\/\/www.fundacionnaturgy.org\/ca\/wp-json\/wp\/v2\/media\/3363"}],"wp:attachment":[{"href":"https:\/\/www.fundacionnaturgy.org\/ca\/wp-json\/wp\/v2\/media?parent=13505"}],"wp:term":[{"taxonomy":"category","embeddable":true,"href":"https:\/\/www.fundacionnaturgy.org\/ca\/wp-json\/wp\/v2\/categories?post=13505"},{"taxonomy":"content-type","embeddable":true,"href":"https:\/\/www.fundacionnaturgy.org\/ca\/wp-json\/wp\/v2\/content-type?post=13505"},{"taxonomy":"product_tag","embeddable":true,"href":"https:\/\/www.fundacionnaturgy.org\/ca\/wp-json\/wp\/v2\/product_tag?post=13505"}],"curies":[{"name":"wp","href":"https:\/\/api.w.org\/{rel}","templated":true}]}}