{"id":13506,"date":"2010-12-03T16:31:13","date_gmt":"2010-12-03T15:31:13","guid":{"rendered":"https:\/\/www.fundacionnaturgy.org\/ca\/product\/el-co2-com-a-recurs-de-la-captura-als-usos-industrials\/"},"modified":"2020-02-27T15:46:49","modified_gmt":"2020-02-27T14:46:49","slug":"el-co2-com-a-recurs-de-la-captura-als-usos-industrials","status":"publish","type":"product","link":"https:\/\/www.fundacionnaturgy.org\/ca\/publicacion\/el-co2-com-a-recurs-de-la-captura-als-usos-industrials\/","title":{"rendered":"El CO2 com a recurs. De la captura als usos industrials."},"content":{"rendered":"<p>El llibre tracta de les diferents tecnologies existents (i en desenvolupament) pel que fa a la captura, el transport, l&#8217;emmagatzematge i la utilitzaci\u00f3 posterior del CO2 en activitats i processos d&#8217;inter\u00e8s per a la societat. Es posa l&#8217;accent en els usos del CO2, tant si aquests s\u00f3n de tipus industrial directe, qu\u00edmic o biol\u00f2gic. El plantejament de fons del llibre \u00e9s que com m\u00e9s i millor s&#8217;utilitzi el CO2 com a recurs, m\u00e9s sentit tindran els processos de captaci\u00f3.<\/p>\n","protected":false},"excerpt":{"rendered":"<p>El llibre tracta de les diferents tecnologies existents (i en desenvolupament) pel que fa a la captura, el transport, l&#8217;emmagatzematge i la utilitzaci\u00f3 posterior del CO2 en activitats i processos d&#8217;inter\u00e8s per a la societat. Es posa l&#8217;accent en els usos del CO2, tant si aquests s\u00f3n de tipus industrial directe, qu\u00edmic o biol\u00f2gic. El plantejament de fons del llibre \u00e9s que com m\u00e9s i millor s&#8217;utilitzi el CO2 com a recurs, m\u00e9s sentit tindran els processos de captaci\u00f3.<\/p>\n","protected":false},"featured_media":3366,"template":"","meta":{"inline_featured_image":false},"categories":[1205,1207],"content-type":[1168],"product_tag":[],"acf":[],"post_class":["post-13506","product","type-product","status-publish","has-post-thumbnail","hentry","category-medi-ambient","category-qualitat-de-laire","content-type-llibres","wordpress-sticky"],"_links":{"self":[{"href":"https:\/\/www.fundacionnaturgy.org\/ca\/wp-json\/wp\/v2\/product\/13506"}],"collection":[{"href":"https:\/\/www.fundacionnaturgy.org\/ca\/wp-json\/wp\/v2\/product"}],"about":[{"href":"https:\/\/www.fundacionnaturgy.org\/ca\/wp-json\/wp\/v2\/types\/product"}],"wp:featuredmedia":[{"embeddable":true,"href":"https:\/\/www.fundacionnaturgy.org\/ca\/wp-json\/wp\/v2\/media\/3366"}],"wp:attachment":[{"href":"https:\/\/www.fundacionnaturgy.org\/ca\/wp-json\/wp\/v2\/media?parent=13506"}],"wp:term":[{"taxonomy":"category","embeddable":true,"href":"https:\/\/www.fundacionnaturgy.org\/ca\/wp-json\/wp\/v2\/categories?post=13506"},{"taxonomy":"content-type","embeddable":true,"href":"https:\/\/www.fundacionnaturgy.org\/ca\/wp-json\/wp\/v2\/content-type?post=13506"},{"taxonomy":"product_tag","embeddable":true,"href":"https:\/\/www.fundacionnaturgy.org\/ca\/wp-json\/wp\/v2\/product_tag?post=13506"}],"curies":[{"name":"wp","href":"https:\/\/api.w.org\/{rel}","templated":true}]}}