{"id":13507,"date":"2009-12-03T16:51:12","date_gmt":"2009-12-03T15:51:12","guid":{"rendered":"https:\/\/www.fundacionnaturgy.org\/ca\/product\/la-contribucio-del-gas-natural-a-la-reduccio-de-les-emissions-a-latmosfera-a-espanya\/"},"modified":"2020-02-27T15:47:15","modified_gmt":"2020-02-27T14:47:15","slug":"la-contribucio-del-gas-natural-a-la-reduccio-de-les-emissions-a-latmosfera-a-espanya","status":"publish","type":"product","link":"https:\/\/www.fundacionnaturgy.org\/ca\/publicacion\/la-contribucio-del-gas-natural-a-la-reduccio-de-les-emissions-a-latmosfera-a-espanya\/","title":{"rendered":"La contribuci\u00f3 del gas natural a la reducci\u00f3 de les emissions a l&#8217;atmosfera a Espanya"},"content":{"rendered":"<p>L&#8217;objectiu d&#8217;aquest llibre \u00e9s analitzar l&#8217;impacte que tenen els contaminants en l&#8217;atmosfera sobre la qualitat de l&#8217;aire de les ciutats a Espanya i les conseq\u00fc\u00e8ncies de les emissions de gasos amb efecte d&#8217;hivernacle, principals causants del canvi clim\u00e0tic, en l&#8217;escenari energ\u00e8tic de 2006 i futurs, sota dues premisses: la pres\u00e8ncia de gas natural com a font energ\u00e8tica o la seva abs\u00e8ncia.<\/p>\n<p>Qu\u00e8 passaria amb les emissions si no hi hagu\u00e9s gas natural a Espanya?<\/p>\n","protected":false},"excerpt":{"rendered":"<p>El llibre tracta de les diferents tecnologies existents (i en desenvolupament) pel que fa a la captura, el transport, l&#8217;emmagatzematge i la utilitzaci\u00f3 posterior del CO2 en activitats i processos d&#8217;inter\u00e8s per a la societat. Es posa l&#8217;accent en els usos del CO2, tant si aquests s\u00f3n de tipus industrial directe, qu\u00edmic o biol\u00f2gic. El plantejament de fons del llibre \u00e9s que com m\u00e9s i millor s&#8217;utilitzi el CO2 com a recurs, m\u00e9s sentit tindran els processos de captaci\u00f3.<\/p>\n","protected":false},"featured_media":3369,"template":"","meta":{"inline_featured_image":false},"categories":[1207],"content-type":[1168],"product_tag":[],"acf":[],"post_class":["post-13507","product","type-product","status-publish","has-post-thumbnail","hentry","category-qualitat-de-laire","content-type-llibres","wordpress-sticky"],"_links":{"self":[{"href":"https:\/\/www.fundacionnaturgy.org\/ca\/wp-json\/wp\/v2\/product\/13507"}],"collection":[{"href":"https:\/\/www.fundacionnaturgy.org\/ca\/wp-json\/wp\/v2\/product"}],"about":[{"href":"https:\/\/www.fundacionnaturgy.org\/ca\/wp-json\/wp\/v2\/types\/product"}],"wp:featuredmedia":[{"embeddable":true,"href":"https:\/\/www.fundacionnaturgy.org\/ca\/wp-json\/wp\/v2\/media\/3369"}],"wp:attachment":[{"href":"https:\/\/www.fundacionnaturgy.org\/ca\/wp-json\/wp\/v2\/media?parent=13507"}],"wp:term":[{"taxonomy":"category","embeddable":true,"href":"https:\/\/www.fundacionnaturgy.org\/ca\/wp-json\/wp\/v2\/categories?post=13507"},{"taxonomy":"content-type","embeddable":true,"href":"https:\/\/www.fundacionnaturgy.org\/ca\/wp-json\/wp\/v2\/content-type?post=13507"},{"taxonomy":"product_tag","embeddable":true,"href":"https:\/\/www.fundacionnaturgy.org\/ca\/wp-json\/wp\/v2\/product_tag?post=13507"}],"curies":[{"name":"wp","href":"https:\/\/api.w.org\/{rel}","templated":true}]}}