{"id":13509,"date":"2009-12-03T16:49:40","date_gmt":"2009-12-03T15:49:40","guid":{"rendered":"https:\/\/www.fundacionnaturgy.org\/ca\/product\/xarxes-energetiques-i-ordenacio-del-territori\/"},"modified":"2019-05-21T11:51:35","modified_gmt":"2019-05-21T09:51:35","slug":"xarxes-energetiques-i-ordenacio-del-territori","status":"publish","type":"product","link":"https:\/\/www.fundacionnaturgy.org\/ca\/publicacion\/xarxes-energetiques-i-ordenacio-del-territori\/","title":{"rendered":"Xarxes energ\u00e8tiques i ordenaci\u00f3 del territori"},"content":{"rendered":"<p>La import\u00e0ncia de les xarxes en la configuraci\u00f3 de la ciutat \u00e9s de vital import\u00e0ncia tal com indiquen els seus autors: &#8220;Aix\u00ed quan es concep la ciutat, ja no \u00e9s correcte interpretar les xarxes com a elements de suport que faciliten el seu funcionament. Ara, hem de veure les xarxes com a elements que defineixen la realitat urbana. [&#8230;] si no hi ha xarxes, no hi ha ciutat &#8220;. El llibre presenta la realitat actual del funcionament d&#8217;aquestes problem\u00e0tiques i de les seves corresponents entorns, primer a la situaci\u00f3 de les regulacions espanyoles i la seva pr\u00e0ctica d&#8217;aplicaci\u00f3, per a posteriorment descriure en profunditat la pol\u00edtica de la Uni\u00f3 Europea al respecte, i plantejar com es resolen els mateixos problemes en diversos pa\u00efsos de la Uni\u00f3 Europea, com el Regne Unit o Fran\u00e7a, o altres pa\u00efsos.<\/p>\n","protected":false},"excerpt":{"rendered":"<p>La import\u00e0ncia de les xarxes en la configuraci\u00f3 de la ciutat \u00e9s de vital import\u00e0ncia tal com indiquen els seus autors: &#8220;Aix\u00ed quan es concep la ciutat, ja no \u00e9s correcte interpretar les xarxes com a elements de suport que faciliten el seu funcionament. Ara, hem de veure les xarxes com a elements que defineixen la realitat urbana. [&#8230;] si no hi ha xarxes, no hi ha ciutat &#8220;. El llibre presenta la realitat actual del funcionament d&#8217;aquestes problem\u00e0tiques i de les seves corresponents entorns, primer a la situaci\u00f3 de les regulacions espanyoles i la seva pr\u00e0ctica d&#8217;aplicaci\u00f3, per a posteriorment descriure en profunditat la pol\u00edtica de la Uni\u00f3 Europea al respecte, i plantejar com es resolen els mateixos problemes en diversos pa\u00efsos de la Uni\u00f3 Europea, com el Regne Unit o Fran\u00e7a, o altres pa\u00efsos.<\/p>\n","protected":false},"featured_media":3376,"template":"","meta":{"inline_featured_image":false},"categories":[1208],"content-type":[1168],"product_tag":[],"acf":[],"post_class":["post-13509","product","type-product","status-publish","has-post-thumbnail","hentry","category-transicio-energetica","content-type-llibres","wordpress-sticky"],"_links":{"self":[{"href":"https:\/\/www.fundacionnaturgy.org\/ca\/wp-json\/wp\/v2\/product\/13509"}],"collection":[{"href":"https:\/\/www.fundacionnaturgy.org\/ca\/wp-json\/wp\/v2\/product"}],"about":[{"href":"https:\/\/www.fundacionnaturgy.org\/ca\/wp-json\/wp\/v2\/types\/product"}],"wp:featuredmedia":[{"embeddable":true,"href":"https:\/\/www.fundacionnaturgy.org\/ca\/wp-json\/wp\/v2\/media\/3376"}],"wp:attachment":[{"href":"https:\/\/www.fundacionnaturgy.org\/ca\/wp-json\/wp\/v2\/media?parent=13509"}],"wp:term":[{"taxonomy":"category","embeddable":true,"href":"https:\/\/www.fundacionnaturgy.org\/ca\/wp-json\/wp\/v2\/categories?post=13509"},{"taxonomy":"content-type","embeddable":true,"href":"https:\/\/www.fundacionnaturgy.org\/ca\/wp-json\/wp\/v2\/content-type?post=13509"},{"taxonomy":"product_tag","embeddable":true,"href":"https:\/\/www.fundacionnaturgy.org\/ca\/wp-json\/wp\/v2\/product_tag?post=13509"}],"curies":[{"name":"wp","href":"https:\/\/api.w.org\/{rel}","templated":true}]}}