{"id":13510,"date":"2009-12-03T16:48:21","date_gmt":"2009-12-03T15:48:21","guid":{"rendered":"https:\/\/www.fundacionnaturgy.org\/ca\/product\/lelectricitat-solar-termica-tan-lluny-tan-a-prop\/"},"modified":"2020-02-27T15:47:35","modified_gmt":"2020-02-27T14:47:35","slug":"lelectricitat-solar-termica-tan-lluny-tan-a-prop","status":"publish","type":"product","link":"https:\/\/www.fundacionnaturgy.org\/ca\/publicacion\/lelectricitat-solar-termica-tan-lluny-tan-a-prop\/","title":{"rendered":"L&#8217;electricitat solar t\u00e8rmica, tan lluny, tan a prop"},"content":{"rendered":"<p>El llibre descriu les quatre tecnologies principals a trav\u00e9s de les quals es desenvolupa avui al m\u00f3n l&#8217;energia solar termoel\u00e8ctrica, informa d&#8217;alguns dels projectes d&#8217;implantaci\u00f3 d&#8217;aquest tipus de tecnologies al nostre pa\u00eds i detalla el context legal, pol\u00edtic i empresarial en qu\u00e8 s&#8217;han desenvolupat, aix\u00ed com les seves perspectives de futur.<\/p>\n","protected":false},"excerpt":{"rendered":"<p>El llibre descriu les quatre tecnologies principals a trav\u00e9s de les quals es desenvolupa avui al m\u00f3n l&#8217;energia solar termoel\u00e8ctrica, informa d&#8217;alguns dels projectes d&#8217;implantaci\u00f3 d&#8217;aquest tipus de tecnologies al nostre pa\u00eds i detalla el context legal, pol\u00edtic i empresarial en qu\u00e8 s&#8217;han desenvolupat, aix\u00ed com les seves perspectives de futur.<\/p>\n","protected":false},"featured_media":3379,"template":"","meta":{"inline_featured_image":false},"categories":[1202],"content-type":[1168],"product_tag":[],"acf":[],"post_class":["post-13510","product","type-product","status-publish","has-post-thumbnail","hentry","category-energies-renovables","content-type-llibres","wordpress-sticky"],"_links":{"self":[{"href":"https:\/\/www.fundacionnaturgy.org\/ca\/wp-json\/wp\/v2\/product\/13510"}],"collection":[{"href":"https:\/\/www.fundacionnaturgy.org\/ca\/wp-json\/wp\/v2\/product"}],"about":[{"href":"https:\/\/www.fundacionnaturgy.org\/ca\/wp-json\/wp\/v2\/types\/product"}],"wp:featuredmedia":[{"embeddable":true,"href":"https:\/\/www.fundacionnaturgy.org\/ca\/wp-json\/wp\/v2\/media\/3379"}],"wp:attachment":[{"href":"https:\/\/www.fundacionnaturgy.org\/ca\/wp-json\/wp\/v2\/media?parent=13510"}],"wp:term":[{"taxonomy":"category","embeddable":true,"href":"https:\/\/www.fundacionnaturgy.org\/ca\/wp-json\/wp\/v2\/categories?post=13510"},{"taxonomy":"content-type","embeddable":true,"href":"https:\/\/www.fundacionnaturgy.org\/ca\/wp-json\/wp\/v2\/content-type?post=13510"},{"taxonomy":"product_tag","embeddable":true,"href":"https:\/\/www.fundacionnaturgy.org\/ca\/wp-json\/wp\/v2\/product_tag?post=13510"}],"curies":[{"name":"wp","href":"https:\/\/api.w.org\/{rel}","templated":true}]}}