{"id":13511,"date":"2008-12-03T16:47:04","date_gmt":"2008-12-03T15:47:04","guid":{"rendered":"https:\/\/www.fundacionnaturgy.org\/ca\/product\/el-periodisme-ambiental-analisi-dun-canvi-cultural-a-espanya\/"},"modified":"2020-02-27T15:47:52","modified_gmt":"2020-02-27T14:47:52","slug":"el-periodisme-ambiental-analisi-dun-canvi-cultural-a-espanya","status":"publish","type":"product","link":"https:\/\/www.fundacionnaturgy.org\/ca\/publicacion\/el-periodisme-ambiental-analisi-dun-canvi-cultural-a-espanya\/","title":{"rendered":"El periodisme ambiental. An\u00e0lisi d&#8217;un canvi cultural a Espanya"},"content":{"rendered":"<p>El llibre recull els testimonis i les experi\u00e8ncies de 12 periodistes especialitzats en informaci\u00f3 ambiental de diferents llocs d&#8217;Espanya i de diferents tipus de mitjans: premsa, r\u00e0dio, televisi\u00f3, internet, i revistes de naturalesa. Es dedica una atenci\u00f3 especial als temes del canvi clim\u00e0tic i de l&#8217;energia. S&#8217;analitza tamb\u00e9 amb detall l&#8217;evoluci\u00f3 i els problemes del periodisme ambiental a Espanya, des de la seva aparici\u00f3 fins avui.<\/p>\n","protected":false},"excerpt":{"rendered":"<p>El llibre recull els testimonis i les experi\u00e8ncies de 12 periodistes especialitzats en informaci\u00f3 ambiental de diferents llocs d&#8217;Espanya i de diferents tipus de mitjans: premsa, r\u00e0dio, televisi\u00f3, internet, i revistes de naturalesa. Es dedica una atenci\u00f3 especial als temes del canvi clim\u00e0tic i de l&#8217;energia. S&#8217;analitza tamb\u00e9 amb detall l&#8217;evoluci\u00f3 i els problemes del periodisme ambiental a Espanya, des de la seva aparici\u00f3 fins avui.<\/p>\n","protected":false},"featured_media":3383,"template":"","meta":{"inline_featured_image":false},"categories":[1205],"content-type":[1168],"product_tag":[],"acf":[],"post_class":["post-13511","product","type-product","status-publish","has-post-thumbnail","hentry","category-medi-ambient","content-type-llibres","wordpress-sticky"],"_links":{"self":[{"href":"https:\/\/www.fundacionnaturgy.org\/ca\/wp-json\/wp\/v2\/product\/13511"}],"collection":[{"href":"https:\/\/www.fundacionnaturgy.org\/ca\/wp-json\/wp\/v2\/product"}],"about":[{"href":"https:\/\/www.fundacionnaturgy.org\/ca\/wp-json\/wp\/v2\/types\/product"}],"wp:featuredmedia":[{"embeddable":true,"href":"https:\/\/www.fundacionnaturgy.org\/ca\/wp-json\/wp\/v2\/media\/3383"}],"wp:attachment":[{"href":"https:\/\/www.fundacionnaturgy.org\/ca\/wp-json\/wp\/v2\/media?parent=13511"}],"wp:term":[{"taxonomy":"category","embeddable":true,"href":"https:\/\/www.fundacionnaturgy.org\/ca\/wp-json\/wp\/v2\/categories?post=13511"},{"taxonomy":"content-type","embeddable":true,"href":"https:\/\/www.fundacionnaturgy.org\/ca\/wp-json\/wp\/v2\/content-type?post=13511"},{"taxonomy":"product_tag","embeddable":true,"href":"https:\/\/www.fundacionnaturgy.org\/ca\/wp-json\/wp\/v2\/product_tag?post=13511"}],"curies":[{"name":"wp","href":"https:\/\/api.w.org\/{rel}","templated":true}]}}