{"id":13512,"date":"2007-12-03T16:55:04","date_gmt":"2007-12-03T15:55:04","guid":{"rendered":"https:\/\/www.fundacionnaturgy.org\/ca\/product\/el-consum-denergia-i-el-medi-ambient-a-lhabitatge-a-espanya-analisi-del-cicle-de-vida-acv\/"},"modified":"2020-02-27T15:50:10","modified_gmt":"2020-02-27T14:50:10","slug":"el-consum-denergia-i-el-medi-ambient-a-lhabitatge-a-espanya-analisi-del-cicle-de-vida-acv","status":"publish","type":"product","link":"https:\/\/www.fundacionnaturgy.org\/ca\/publicacion\/el-consum-denergia-i-el-medi-ambient-a-lhabitatge-a-espanya-analisi-del-cicle-de-vida-acv\/","title":{"rendered":"El consum d&#8217;energia i el medi ambient a l&#8217;habitatge a Espanya. An\u00e0lisi del cicle de vida (ACV)"},"content":{"rendered":"<p>El llibre recull la recerca encarregada al seu dia per la Fundaci\u00f3 al Dr. Castells i es basa en l&#8217;aplicaci\u00f3 de la metodologia ACV al consum d&#8217;energia a l&#8217;habitatge espanyol. El llibre ajuda a visualitzar la &#8220;motxilla ambiental&#8221; de cada un d&#8217;aquests consums energ\u00e8tics, \u00e9s a dir, el seu balan\u00e7 de mat\u00e8ria i d&#8217;energia des de l&#8217;extracci\u00f3 de les mat\u00e8ries primeres fins a la conversi\u00f3 del producte en residu. \u00c9s el primer estudi d&#8217;aquestes caracter\u00edstiques aplicat al consum energ\u00e8tic a la llar dut a terme a Espanya. Aquest llibre va ser presentat a Madrid el dia 2 de juliol de 2008.<\/p>\n","protected":false},"excerpt":{"rendered":"<p>El llibre recull la recerca encarregada al seu dia per la Fundaci\u00f3 al Dr. Castells i es basa en l&#8217;aplicaci\u00f3 de la metodologia ACV al consum d&#8217;energia a l&#8217;habitatge espanyol. El llibre ajuda a visualitzar la &#8220;motxilla ambiental&#8221; de cada un d&#8217;aquests consums energ\u00e8tics, \u00e9s a dir, el seu balan\u00e7 de mat\u00e8ria i d&#8217;energia des de l&#8217;extracci\u00f3 de les mat\u00e8ries primeres fins a la conversi\u00f3 del producte en residu. \u00c9s el primer estudi d&#8217;aquestes caracter\u00edstiques aplicat al consum energ\u00e8tic a la llar dut a terme a Espanya. Aquest llibre va ser presentat a Madrid el dia 2 de juliol de 2008.<\/p>\n","protected":false},"featured_media":3386,"template":"","meta":{"inline_featured_image":false},"categories":[1200,1205],"content-type":[1168],"product_tag":[],"acf":[],"post_class":["post-13512","product","type-product","status-publish","has-post-thumbnail","hentry","category-eficiencia-energetica-ca","category-medi-ambient","content-type-llibres","wordpress-sticky"],"_links":{"self":[{"href":"https:\/\/www.fundacionnaturgy.org\/ca\/wp-json\/wp\/v2\/product\/13512"}],"collection":[{"href":"https:\/\/www.fundacionnaturgy.org\/ca\/wp-json\/wp\/v2\/product"}],"about":[{"href":"https:\/\/www.fundacionnaturgy.org\/ca\/wp-json\/wp\/v2\/types\/product"}],"wp:featuredmedia":[{"embeddable":true,"href":"https:\/\/www.fundacionnaturgy.org\/ca\/wp-json\/wp\/v2\/media\/3386"}],"wp:attachment":[{"href":"https:\/\/www.fundacionnaturgy.org\/ca\/wp-json\/wp\/v2\/media?parent=13512"}],"wp:term":[{"taxonomy":"category","embeddable":true,"href":"https:\/\/www.fundacionnaturgy.org\/ca\/wp-json\/wp\/v2\/categories?post=13512"},{"taxonomy":"content-type","embeddable":true,"href":"https:\/\/www.fundacionnaturgy.org\/ca\/wp-json\/wp\/v2\/content-type?post=13512"},{"taxonomy":"product_tag","embeddable":true,"href":"https:\/\/www.fundacionnaturgy.org\/ca\/wp-json\/wp\/v2\/product_tag?post=13512"}],"curies":[{"name":"wp","href":"https:\/\/api.w.org\/{rel}","templated":true}]}}