{"id":13513,"date":"2007-12-03T16:54:02","date_gmt":"2007-12-03T15:54:02","guid":{"rendered":"https:\/\/www.fundacionnaturgy.org\/ca\/product\/recuperacio-energetica-ecoeficient-de-residus-potencial-a-espanya\/"},"modified":"2020-02-27T15:50:15","modified_gmt":"2020-02-27T14:50:15","slug":"recuperacio-energetica-ecoeficient-de-residus-potencial-a-espanya","status":"publish","type":"product","link":"https:\/\/www.fundacionnaturgy.org\/ca\/publicacion\/recuperacio-energetica-ecoeficient-de-residus-potencial-a-espanya\/","title":{"rendered":"Recuperaci\u00f3 energ\u00e8tica ecoeficient de residus. Potencial a Espanya"},"content":{"rendered":"<p>El llibre respon a una doble inquietud: com gestionar millor uns residus creixents i com obtenir energia de noves fonts i de la manera m\u00e9s favorable per al medi ambient. L&#8217;estimaci\u00f3 dels autors \u00e9s que m\u00e9s d&#8217;un 8 % del consum d&#8217;energia prim\u00e0ria d&#8217;Espanya podria ser satisfet amb energia procedent dels residus.<\/p>\n","protected":false},"excerpt":{"rendered":"<p>El llibre respon a una doble inquietud: com gestionar millor uns residus creixents i com obtenir energia de noves fonts i de la manera m\u00e9s favorable per al medi ambient. L&#8217;estimaci\u00f3 dels autors \u00e9s que m\u00e9s d&#8217;un 8 % del consum d&#8217;energia prim\u00e0ria d&#8217;Espanya podria ser satisfet amb energia procedent dels residus.<\/p>\n","protected":false},"featured_media":3389,"template":"","meta":{"inline_featured_image":false},"categories":[1205],"content-type":[1168],"product_tag":[],"acf":[],"post_class":["post-13513","product","type-product","status-publish","has-post-thumbnail","hentry","category-medi-ambient","content-type-llibres","wordpress-sticky"],"_links":{"self":[{"href":"https:\/\/www.fundacionnaturgy.org\/ca\/wp-json\/wp\/v2\/product\/13513"}],"collection":[{"href":"https:\/\/www.fundacionnaturgy.org\/ca\/wp-json\/wp\/v2\/product"}],"about":[{"href":"https:\/\/www.fundacionnaturgy.org\/ca\/wp-json\/wp\/v2\/types\/product"}],"wp:featuredmedia":[{"embeddable":true,"href":"https:\/\/www.fundacionnaturgy.org\/ca\/wp-json\/wp\/v2\/media\/3389"}],"wp:attachment":[{"href":"https:\/\/www.fundacionnaturgy.org\/ca\/wp-json\/wp\/v2\/media?parent=13513"}],"wp:term":[{"taxonomy":"category","embeddable":true,"href":"https:\/\/www.fundacionnaturgy.org\/ca\/wp-json\/wp\/v2\/categories?post=13513"},{"taxonomy":"content-type","embeddable":true,"href":"https:\/\/www.fundacionnaturgy.org\/ca\/wp-json\/wp\/v2\/content-type?post=13513"},{"taxonomy":"product_tag","embeddable":true,"href":"https:\/\/www.fundacionnaturgy.org\/ca\/wp-json\/wp\/v2\/product_tag?post=13513"}],"curies":[{"name":"wp","href":"https:\/\/api.w.org\/{rel}","templated":true}]}}