{"id":13514,"date":"2007-12-03T16:44:47","date_gmt":"2007-12-03T15:44:47","guid":{"rendered":"https:\/\/www.fundacionnaturgy.org\/ca\/product\/el-paper-dels-boscos-espanyols-en-la-mitigacio-del-canvi-climatic\/"},"modified":"2020-02-27T15:50:21","modified_gmt":"2020-02-27T14:50:21","slug":"el-paper-dels-boscos-espanyols-en-la-mitigacio-del-canvi-climatic","status":"publish","type":"product","link":"https:\/\/www.fundacionnaturgy.org\/ca\/publicacion\/el-paper-dels-boscos-espanyols-en-la-mitigacio-del-canvi-climatic\/","title":{"rendered":"El paper dels boscos espanyols en la mitigaci\u00f3 del canvi clim\u00e0tic"},"content":{"rendered":"<p>El llibre analitza una per una diferents masses forestals de l&#8217;Estat espanyol i n&#8217;estudia l&#8217;efecte embornal estimat de cadascuna. En descriu el major o menor efecte &#8220;embornal&#8221; en funci\u00f3 del tipus d&#8217;esp\u00e8cie arb\u00f2ria que es tracti i del moment del seu creixement. Explica com n&#8217;\u00e9s, de fonamental, una gesti\u00f3 forestal correcta per obtenir un bon resultat a aquest nivell i destaca la import\u00e0ncia que t\u00e9 potenciar l&#8217;\u00fas final dels productes forestals i assegurar la seva m\u00e0xima vida \u00fatil. Discuteix les diferents metodologies de quantificaci\u00f3.<\/p>\n","protected":false},"excerpt":{"rendered":"<p>El llibre analitza una per una diferents masses forestals de l&#8217;Estat espanyol i n&#8217;estudia l&#8217;efecte embornal estimat de cadascuna. En descriu el major o menor efecte &#8220;embornal&#8221; en funci\u00f3 del tipus d&#8217;esp\u00e8cie arb\u00f2ria que es tracti i del moment del seu creixement. Explica com n&#8217;\u00e9s, de fonamental, una gesti\u00f3 forestal correcta per obtenir un bon resultat a aquest nivell i destaca la import\u00e0ncia que t\u00e9 potenciar l&#8217;\u00fas final dels productes forestals i assegurar la seva m\u00e0xima vida \u00fatil. Discuteix les diferents metodologies de quantificaci\u00f3.<\/p>\n","protected":false},"featured_media":3393,"template":"","meta":{"inline_featured_image":false},"categories":[1205],"content-type":[1168],"product_tag":[],"acf":[],"post_class":["post-13514","product","type-product","status-publish","has-post-thumbnail","hentry","category-medi-ambient","content-type-llibres","wordpress-sticky"],"_links":{"self":[{"href":"https:\/\/www.fundacionnaturgy.org\/ca\/wp-json\/wp\/v2\/product\/13514"}],"collection":[{"href":"https:\/\/www.fundacionnaturgy.org\/ca\/wp-json\/wp\/v2\/product"}],"about":[{"href":"https:\/\/www.fundacionnaturgy.org\/ca\/wp-json\/wp\/v2\/types\/product"}],"wp:featuredmedia":[{"embeddable":true,"href":"https:\/\/www.fundacionnaturgy.org\/ca\/wp-json\/wp\/v2\/media\/3393"}],"wp:attachment":[{"href":"https:\/\/www.fundacionnaturgy.org\/ca\/wp-json\/wp\/v2\/media?parent=13514"}],"wp:term":[{"taxonomy":"category","embeddable":true,"href":"https:\/\/www.fundacionnaturgy.org\/ca\/wp-json\/wp\/v2\/categories?post=13514"},{"taxonomy":"content-type","embeddable":true,"href":"https:\/\/www.fundacionnaturgy.org\/ca\/wp-json\/wp\/v2\/content-type?post=13514"},{"taxonomy":"product_tag","embeddable":true,"href":"https:\/\/www.fundacionnaturgy.org\/ca\/wp-json\/wp\/v2\/product_tag?post=13514"}],"curies":[{"name":"wp","href":"https:\/\/api.w.org\/{rel}","templated":true}]}}