{"id":17493,"date":"2016-07-07T11:34:09","date_gmt":"2016-07-07T09:34:09","guid":{"rendered":"https:\/\/www.fundacionnaturgy.org\/ca\/product\/els-errors-en-lexportacio\/"},"modified":"2020-02-27T11:47:58","modified_gmt":"2020-02-27T10:47:58","slug":"els-errors-la-primera-exportacio-la-segona","status":"publish","type":"product","link":"https:\/\/www.fundacionnaturgy.org\/ca\/publicacion\/els-errors-la-primera-exportacio-la-segona\/","title":{"rendered":"Els errors en l&#8217;exportaci\u00f3"},"content":{"rendered":null,"protected":false},"excerpt":{"rendered":"<p>Com que el cam\u00ed no \u00e9s f\u00e0cil i la psicologia humana fa que, de vegades, ens mobilitzem m\u00e9s per la por de perdre que per la passi\u00f3 de guanyar, avui ens plantejarem aquest tema des del que \u201cno s&#8217;ha de fer\u201d. Esperem que la nostra experi\u00e8ncia us sigui molt \u00fatil per evitar els errors de l&#8217;exportaci\u00f3.<\/p>\n","protected":false},"featured_media":17978,"template":"","meta":{"inline_featured_image":false},"categories":[1203],"content-type":[1166],"product_tag":[],"acf":[],"post_class":["post-17493","product","type-product","status-publish","has-post-thumbnail","hentry","category-exportacio","content-type-articles-e-informes","wordpress-sticky"],"_links":{"self":[{"href":"https:\/\/www.fundacionnaturgy.org\/ca\/wp-json\/wp\/v2\/product\/17493"}],"collection":[{"href":"https:\/\/www.fundacionnaturgy.org\/ca\/wp-json\/wp\/v2\/product"}],"about":[{"href":"https:\/\/www.fundacionnaturgy.org\/ca\/wp-json\/wp\/v2\/types\/product"}],"wp:featuredmedia":[{"embeddable":true,"href":"https:\/\/www.fundacionnaturgy.org\/ca\/wp-json\/wp\/v2\/media\/17978"}],"wp:attachment":[{"href":"https:\/\/www.fundacionnaturgy.org\/ca\/wp-json\/wp\/v2\/media?parent=17493"}],"wp:term":[{"taxonomy":"category","embeddable":true,"href":"https:\/\/www.fundacionnaturgy.org\/ca\/wp-json\/wp\/v2\/categories?post=17493"},{"taxonomy":"content-type","embeddable":true,"href":"https:\/\/www.fundacionnaturgy.org\/ca\/wp-json\/wp\/v2\/content-type?post=17493"},{"taxonomy":"product_tag","embeddable":true,"href":"https:\/\/www.fundacionnaturgy.org\/ca\/wp-json\/wp\/v2\/product_tag?post=17493"}],"curies":[{"name":"wp","href":"https:\/\/api.w.org\/{rel}","templated":true}]}}