{"id":22098,"date":"2016-10-26T12:47:27","date_gmt":"2016-10-26T10:47:27","guid":{"rendered":"https:\/\/www.fundacionnaturgy.org\/ca\/?post_type=product&#038;p=22098&#038;lang=ca"},"modified":"2019-05-15T17:18:35","modified_gmt":"2019-05-15T15:18:35","slug":"velocitat-les-botigues-online-espanya","status":"publish","type":"product","link":"https:\/\/www.fundacionnaturgy.org\/ca\/publicacion\/velocitat-les-botigues-online-espanya\/","title":{"rendered":"Velocitat de les botigues online a Espanya"},"content":{"rendered":null,"protected":false},"excerpt":{"rendered":"<p>El comer\u00e7 electr\u00f2nic \u00e9s\u00a0avui dia, un instrument b\u00e0sic d&#8217;exportaci\u00f3, tamb\u00e9 per a les empreses m\u00e9s petites. Descobreix a &#8220;Velocitat de les botigues online a Espanya&#8221; quin \u00e9s l&#8217;estat de l&#8217;e-commerce a Espanya, segons la seva comparaci\u00f3 amb els est\u00e0ndards del mercat, les plataformes m\u00e9s utilitzades o les categories de les botigues en l\u00ednia.<\/p>\n","protected":false},"featured_media":22088,"template":"","meta":{"inline_featured_image":false},"categories":[],"content-type":[],"product_tag":[397,396],"acf":[],"post_class":["post-22098","product","type-product","status-publish","has-post-thumbnail","hentry","product_tag-e-commerce","product_tag-marketing-digital","wordpress-sticky"],"_links":{"self":[{"href":"https:\/\/www.fundacionnaturgy.org\/ca\/wp-json\/wp\/v2\/product\/22098"}],"collection":[{"href":"https:\/\/www.fundacionnaturgy.org\/ca\/wp-json\/wp\/v2\/product"}],"about":[{"href":"https:\/\/www.fundacionnaturgy.org\/ca\/wp-json\/wp\/v2\/types\/product"}],"wp:featuredmedia":[{"embeddable":true,"href":"https:\/\/www.fundacionnaturgy.org\/ca\/wp-json\/wp\/v2\/media\/22088"}],"wp:attachment":[{"href":"https:\/\/www.fundacionnaturgy.org\/ca\/wp-json\/wp\/v2\/media?parent=22098"}],"wp:term":[{"taxonomy":"category","embeddable":true,"href":"https:\/\/www.fundacionnaturgy.org\/ca\/wp-json\/wp\/v2\/categories?post=22098"},{"taxonomy":"content-type","embeddable":true,"href":"https:\/\/www.fundacionnaturgy.org\/ca\/wp-json\/wp\/v2\/content-type?post=22098"},{"taxonomy":"product_tag","embeddable":true,"href":"https:\/\/www.fundacionnaturgy.org\/ca\/wp-json\/wp\/v2\/product_tag?post=22098"}],"curies":[{"name":"wp","href":"https:\/\/api.w.org\/{rel}","templated":true}]}}