{"id":27309,"date":"2017-01-23T09:42:20","date_gmt":"2017-01-23T08:42:20","guid":{"rendered":"https:\/\/www.fundacionnaturgy.org\/?post_type=product&#038;p=27309%2F&#038;lang=ca"},"modified":"2020-02-27T15:42:34","modified_gmt":"2020-02-27T14:42:34","slug":"calidoscopi-la-ciutat-10-anys-ledifici-gas-natural-fenosa","status":"publish","type":"product","link":"https:\/\/www.fundacionnaturgy.org\/ca\/publicacion\/calidoscopi-la-ciutat-10-anys-ledifici-gas-natural-fenosa\/","title":{"rendered":"Un calidoscopi a la ciutat. 10 anys de l&#8217;edifici de Gas Natural Fenosa"},"content":{"rendered":"<p>Cada casa reflecteix l&#8217;\u00e0nima de qui hi viu. Amb aquestes paraules podr\u00edem resumir l&#8217;ess\u00e8ncia d&#8217;aquesta publicaci\u00f3, amb la qual es vol celebrar el des\u00e8 aniversari de l&#8217;actual seu de Gas Natural Fenosa. Editada pels professors de la Universitat Polit\u00e8cnica de Catalunya, Josep Maria Rovira i Carolina B. Garc\u00eda Est\u00e9vez, el llibre revela les particularitats arquitect\u00f2niques de la seu corporativa de la companyia, que alhora representen els valors de la seva acci\u00f3 empresarial.<\/p>\n","protected":false},"excerpt":{"rendered":"<p>Cada casa reflecteix l&#8217;\u00e0nima de qui hi viu. Amb aquestes paraules podr\u00edem resumir l&#8217;ess\u00e8ncia d&#8217;aquesta publicaci\u00f3, amb la qual es vol celebrar el des\u00e8 aniversari de l&#8217;actual seu de Gas Natural Fenosa. Editada pels professors de la Universitat Polit\u00e8cnica de Catalunya, Josep Maria Rovira i Carolina B. Garc\u00eda Est\u00e9vez, el llibre revela les particularitats arquitect\u00f2niques de la seu corporativa de la companyia, que alhora representen els valors de la seva acci\u00f3 empresarial.<\/p>\n","protected":false},"featured_media":26697,"template":"","meta":{"inline_featured_image":false},"categories":[1206],"content-type":[1168],"product_tag":[],"acf":[],"post_class":["post-27309","product","type-product","status-publish","has-post-thumbnail","hentry","category-patrimoni-industrial","content-type-llibres","wordpress-sticky"],"_links":{"self":[{"href":"https:\/\/www.fundacionnaturgy.org\/ca\/wp-json\/wp\/v2\/product\/27309"}],"collection":[{"href":"https:\/\/www.fundacionnaturgy.org\/ca\/wp-json\/wp\/v2\/product"}],"about":[{"href":"https:\/\/www.fundacionnaturgy.org\/ca\/wp-json\/wp\/v2\/types\/product"}],"wp:featuredmedia":[{"embeddable":true,"href":"https:\/\/www.fundacionnaturgy.org\/ca\/wp-json\/wp\/v2\/media\/26697"}],"wp:attachment":[{"href":"https:\/\/www.fundacionnaturgy.org\/ca\/wp-json\/wp\/v2\/media?parent=27309"}],"wp:term":[{"taxonomy":"category","embeddable":true,"href":"https:\/\/www.fundacionnaturgy.org\/ca\/wp-json\/wp\/v2\/categories?post=27309"},{"taxonomy":"content-type","embeddable":true,"href":"https:\/\/www.fundacionnaturgy.org\/ca\/wp-json\/wp\/v2\/content-type?post=27309"},{"taxonomy":"product_tag","embeddable":true,"href":"https:\/\/www.fundacionnaturgy.org\/ca\/wp-json\/wp\/v2\/product_tag?post=27309"}],"curies":[{"name":"wp","href":"https:\/\/api.w.org\/{rel}","templated":true}]}}