{"id":27311,"date":"2017-01-19T13:13:19","date_gmt":"2017-01-19T12:13:19","guid":{"rendered":"https:\/\/www.fundacionnaturgy.org\/?post_type=product&#038;p=27311%2F&#038;lang=ca"},"modified":"2020-02-27T15:42:50","modified_gmt":"2020-02-27T14:42:50","slug":"la-societat-gallega-delectricitat-i-la-formacio-del-sistema-electric-gallec-1900-1955","status":"publish","type":"product","link":"https:\/\/www.fundacionnaturgy.org\/ca\/publicacion\/la-societat-gallega-delectricitat-i-la-formacio-del-sistema-electric-gallec-1900-1955\/","title":{"rendered":"La Societat Gallega d&#8217;Electricitat i la formaci\u00f3 del sistema el\u00e8ctric gallec (1900-1955)"},"content":{"rendered":"<p>Aquest llibre ens revela com una empresa, que va ajudar a provocar tamb\u00e9 un canvi social, va anar creixent fins arribar a ser una de les empreses espanyoles de cap\u00e7alera del que era ja un sistema el\u00e8ctric nacional. Un exemple de com empreses nascudes fa m\u00e9s d&#8217;un segle, romanen en actiu i estan en primera l\u00ednia del panorama energ\u00e8tic mundial. La Societat General Gallega d&#8217;Electricitat va marcar els or\u00edgens del que va ser Forces El\u00e8ctriques del Nord-oest (Fenosa) avui integrada a Gas Natural Fenosa.<\/p>\n","protected":false},"excerpt":{"rendered":"<p>Aquest llibre ens revela com una empresa, que va ajudar a provocar tamb\u00e9 un canvi social, va anar creixent fins arribar a ser una de les empreses espanyoles de cap\u00e7alera del que era ja un sistema el\u00e8ctric nacional. Un exemple de com empreses nascudes fa m\u00e9s d&#8217;un segle, romanen en actiu i estan en primera l\u00ednia del panorama energ\u00e8tic mundial. La Societat General Gallega d&#8217;Electricitat va marcar els or\u00edgens del que va ser Forces El\u00e8ctriques del Nord-oest (Fenosa) avui integrada a Gas Natural Fenosa.<\/p>\n","protected":false},"featured_media":26692,"template":"","meta":{"inline_featured_image":false},"categories":[],"content-type":[],"product_tag":[],"acf":[],"post_class":["post-27311","product","type-product","status-publish","has-post-thumbnail","hentry","wordpress-sticky"],"_links":{"self":[{"href":"https:\/\/www.fundacionnaturgy.org\/ca\/wp-json\/wp\/v2\/product\/27311"}],"collection":[{"href":"https:\/\/www.fundacionnaturgy.org\/ca\/wp-json\/wp\/v2\/product"}],"about":[{"href":"https:\/\/www.fundacionnaturgy.org\/ca\/wp-json\/wp\/v2\/types\/product"}],"wp:featuredmedia":[{"embeddable":true,"href":"https:\/\/www.fundacionnaturgy.org\/ca\/wp-json\/wp\/v2\/media\/26692"}],"wp:attachment":[{"href":"https:\/\/www.fundacionnaturgy.org\/ca\/wp-json\/wp\/v2\/media?parent=27311"}],"wp:term":[{"taxonomy":"category","embeddable":true,"href":"https:\/\/www.fundacionnaturgy.org\/ca\/wp-json\/wp\/v2\/categories?post=27311"},{"taxonomy":"content-type","embeddable":true,"href":"https:\/\/www.fundacionnaturgy.org\/ca\/wp-json\/wp\/v2\/content-type?post=27311"},{"taxonomy":"product_tag","embeddable":true,"href":"https:\/\/www.fundacionnaturgy.org\/ca\/wp-json\/wp\/v2\/product_tag?post=27311"}],"curies":[{"name":"wp","href":"https:\/\/api.w.org\/{rel}","templated":true}]}}