{"id":37506,"date":"2017-09-21T10:44:02","date_gmt":"2017-09-21T08:44:02","guid":{"rendered":"https:\/\/www.fundacionnaturgy.org\/ca\/?post_type=product&#038;p=37506&#038;lang=ca"},"modified":"2020-02-27T15:42:28","modified_gmt":"2020-02-27T14:42:28","slug":"energia-i-aigua","status":"publish","type":"product","link":"https:\/\/www.fundacionnaturgy.org\/ca\/publicacion\/energia-i-aigua\/","title":{"rendered":"Energia i aigua"},"content":{"rendered":"<p>El llibre\u00a0\u201cEnerg\u00eda\u00a0y agua\u201d\u00a0tracta de descriure amb detall els principals aspectes de la gesti\u00f3 de l\u2019energia en qu\u00e8 la intervenci\u00f3 de l\u2019aigua \u00e9s decisiva i, a l\u2019inrev\u00e9s, con\u00e8ixer els principals punts en la gesti\u00f3 d\u2019un sistema h\u00eddric en els quals l\u2019energia juga un paper important . El llibre tamb\u00e9 presenta nombrosos exemples pr\u00e0ctics d\u2019aquesta interrelaci\u00f3 entre la gesti\u00f3 de l\u2019energia i l\u2019aigua.<\/p>\n","protected":false},"excerpt":{"rendered":"<p>El llibre\u00a0\u201cEnerg\u00eda\u00a0y agua\u201d\u00a0tracta de descriure amb detall els principals aspectes de la gesti\u00f3 de l\u2019energia en qu\u00e8 la intervenci\u00f3 de l\u2019aigua \u00e9s decisiva i, a l\u2019inrev\u00e9s, con\u00e8ixer els principals punts en la gesti\u00f3 d\u2019un sistema h\u00eddric en els quals l\u2019energia juga un paper important . El llibre tamb\u00e9 presenta nombrosos exemples pr\u00e0ctics d\u2019aquesta interrelaci\u00f3 entre la gesti\u00f3 de l\u2019energia i l\u2019aigua.<\/p>\n","protected":false},"featured_media":33415,"template":"","meta":{"inline_featured_image":false},"categories":[1202,1205,1208],"content-type":[1168],"product_tag":[957,438],"acf":[],"post_class":["post-37506","product","type-product","status-publish","has-post-thumbnail","hentry","category-energies-renovables","category-medi-ambient","category-transicio-energetica","content-type-llibres","product_tag-energia-ca","product_tag-publicacions","wordpress-sticky"],"_links":{"self":[{"href":"https:\/\/www.fundacionnaturgy.org\/ca\/wp-json\/wp\/v2\/product\/37506"}],"collection":[{"href":"https:\/\/www.fundacionnaturgy.org\/ca\/wp-json\/wp\/v2\/product"}],"about":[{"href":"https:\/\/www.fundacionnaturgy.org\/ca\/wp-json\/wp\/v2\/types\/product"}],"wp:featuredmedia":[{"embeddable":true,"href":"https:\/\/www.fundacionnaturgy.org\/ca\/wp-json\/wp\/v2\/media\/33415"}],"wp:attachment":[{"href":"https:\/\/www.fundacionnaturgy.org\/ca\/wp-json\/wp\/v2\/media?parent=37506"}],"wp:term":[{"taxonomy":"category","embeddable":true,"href":"https:\/\/www.fundacionnaturgy.org\/ca\/wp-json\/wp\/v2\/categories?post=37506"},{"taxonomy":"content-type","embeddable":true,"href":"https:\/\/www.fundacionnaturgy.org\/ca\/wp-json\/wp\/v2\/content-type?post=37506"},{"taxonomy":"product_tag","embeddable":true,"href":"https:\/\/www.fundacionnaturgy.org\/ca\/wp-json\/wp\/v2\/product_tag?post=37506"}],"curies":[{"name":"wp","href":"https:\/\/api.w.org\/{rel}","templated":true}]}}