{"id":37621,"date":"2017-09-26T11:53:52","date_gmt":"2017-09-26T09:53:52","guid":{"rendered":"https:\/\/www.fundacionnaturgy.org\/ca\/?post_type=product&#038;p=37621&#038;lang=ca"},"modified":"2020-02-27T15:42:20","modified_gmt":"2020-02-27T14:42:20","slug":"rehabilitacio-expres-per-llars-vulnerables-solucions-baix-cost","status":"publish","type":"product","link":"https:\/\/www.fundacionnaturgy.org\/ca\/publicacion\/rehabilitacio-expres-per-llars-vulnerables-solucions-baix-cost\/","title":{"rendered":"Rehabilitaci\u00f3 expr\u00e9s per a llars vulnerables. Solucions de baix cost"},"content":{"rendered":"<p>L&#8217;objectiu d&#8217;aquest estudi \u00e9s avan\u00e7ar cap a possibles millores en les condicions de benestar t\u00e8rmic i en l&#8217;avaluaci\u00f3 del consum energ\u00e8tic en climatitzaci\u00f3 dels habitatges habitades per fam\u00edlies en situaci\u00f3 de pobresa o vulnerabilitat energ\u00e8tica, aix\u00ed com proporcionar solucions de baix cost, d&#8217;aplicaci\u00f3 r\u00e0pida i senzilla, que millorin les condicions de confort d&#8217;aquestes persones.<\/p>\n<p>&nbsp;<\/p>\n","protected":false},"excerpt":{"rendered":"<p>L&#8217;objectiu d&#8217;aquest estudi \u00e9s avan\u00e7ar cap a possibles millores en les condicions de benestar t\u00e8rmic i en l&#8217;avaluaci\u00f3 del consum energ\u00e8tic en climatitzaci\u00f3 dels habitatges habitades per fam\u00edlies en situaci\u00f3 de pobresa o vulnerabilitat energ\u00e8tica, aix\u00ed com proporcionar solucions de baix cost, d&#8217;aplicaci\u00f3 r\u00e0pida i senzilla, que millorin les condicions de confort d&#8217;aquestes persones.<\/p>\n","protected":false},"featured_media":37620,"template":"","meta":{"inline_featured_image":false},"categories":[1209],"content-type":[1168],"product_tag":[916],"acf":[],"post_class":["post-37621","product","type-product","status-publish","has-post-thumbnail","hentry","category-vulnerabilitat-energetica","content-type-llibres","product_tag-vulnerabilitat-energetica-ca","wordpress-sticky"],"_links":{"self":[{"href":"https:\/\/www.fundacionnaturgy.org\/ca\/wp-json\/wp\/v2\/product\/37621"}],"collection":[{"href":"https:\/\/www.fundacionnaturgy.org\/ca\/wp-json\/wp\/v2\/product"}],"about":[{"href":"https:\/\/www.fundacionnaturgy.org\/ca\/wp-json\/wp\/v2\/types\/product"}],"wp:featuredmedia":[{"embeddable":true,"href":"https:\/\/www.fundacionnaturgy.org\/ca\/wp-json\/wp\/v2\/media\/37620"}],"wp:attachment":[{"href":"https:\/\/www.fundacionnaturgy.org\/ca\/wp-json\/wp\/v2\/media?parent=37621"}],"wp:term":[{"taxonomy":"category","embeddable":true,"href":"https:\/\/www.fundacionnaturgy.org\/ca\/wp-json\/wp\/v2\/categories?post=37621"},{"taxonomy":"content-type","embeddable":true,"href":"https:\/\/www.fundacionnaturgy.org\/ca\/wp-json\/wp\/v2\/content-type?post=37621"},{"taxonomy":"product_tag","embeddable":true,"href":"https:\/\/www.fundacionnaturgy.org\/ca\/wp-json\/wp\/v2\/product_tag?post=37621"}],"curies":[{"name":"wp","href":"https:\/\/api.w.org\/{rel}","templated":true}]}}