{"id":40033,"date":"2017-12-07T16:12:49","date_gmt":"2017-12-07T15:12:49","guid":{"rendered":"https:\/\/www.fundacionnaturgy.org\/ca\/product\/evolucio-de-les-ciutats-intel%c2%b7ligents\/"},"modified":"2020-02-27T11:41:20","modified_gmt":"2020-02-27T10:41:20","slug":"evaluacio-de-les-ciutats-intel%c2%b7ligents","status":"publish","type":"product","link":"https:\/\/www.fundacionnaturgy.org\/ca\/publicacion\/evaluacio-de-les-ciutats-intel%c2%b7ligents\/","title":{"rendered":"Evaluaci\u00f3 de les ciutats intel\u00b7ligents"},"content":{"rendered":"<p>El model analitza la situaci\u00f3 de la ciutat en relaci\u00f3 amb la mobilitat, la sostenibilitat, la implantaci\u00f3 del govern electr\u00f2nic, el desenvolupament econ\u00f2mic, la qualitat de vida i el capital intel\u00b7lectual.<\/p>\n","protected":false},"excerpt":{"rendered":"<p>El model analitza la situaci\u00f3 de la ciutat en relaci\u00f3 amb la mobilitat, la sostenibilitat, la implantaci\u00f3 del govern electr\u00f2nic, el desenvolupament econ\u00f2mic, la qualitat de vida i el capital intel\u00b7lectual.<\/p>\n","protected":false},"featured_media":38050,"template":"","meta":{"inline_featured_image":false},"categories":[1201,1208],"content-type":[1166],"product_tag":[472],"acf":[],"post_class":["post-40033","product","type-product","status-publish","has-post-thumbnail","hentry","category-energia-i-transport","category-transicio-energetica","content-type-articles-e-informes","product_tag-ciutats-intelligents","wordpress-sticky"],"_links":{"self":[{"href":"https:\/\/www.fundacionnaturgy.org\/ca\/wp-json\/wp\/v2\/product\/40033"}],"collection":[{"href":"https:\/\/www.fundacionnaturgy.org\/ca\/wp-json\/wp\/v2\/product"}],"about":[{"href":"https:\/\/www.fundacionnaturgy.org\/ca\/wp-json\/wp\/v2\/types\/product"}],"wp:featuredmedia":[{"embeddable":true,"href":"https:\/\/www.fundacionnaturgy.org\/ca\/wp-json\/wp\/v2\/media\/38050"}],"wp:attachment":[{"href":"https:\/\/www.fundacionnaturgy.org\/ca\/wp-json\/wp\/v2\/media?parent=40033"}],"wp:term":[{"taxonomy":"category","embeddable":true,"href":"https:\/\/www.fundacionnaturgy.org\/ca\/wp-json\/wp\/v2\/categories?post=40033"},{"taxonomy":"content-type","embeddable":true,"href":"https:\/\/www.fundacionnaturgy.org\/ca\/wp-json\/wp\/v2\/content-type?post=40033"},{"taxonomy":"product_tag","embeddable":true,"href":"https:\/\/www.fundacionnaturgy.org\/ca\/wp-json\/wp\/v2\/product_tag?post=40033"}],"curies":[{"name":"wp","href":"https:\/\/api.w.org\/{rel}","templated":true}]}}