{"id":46082,"date":"2018-07-10T12:30:41","date_gmt":"2018-07-10T10:30:41","guid":{"rendered":"https:\/\/www.fundacionnaturgy.org\/ca\/product\/llibre-la-calidad-del-aire-en-las-ciudades-un-reto-mundial\/"},"modified":"2020-02-27T15:42:15","modified_gmt":"2020-02-27T14:42:15","slug":"llibre-la-calidad-del-aire-en-las-ciudades-un-reto-mundial","status":"publish","type":"product","link":"https:\/\/www.fundacionnaturgy.org\/ca\/publicacion\/llibre-la-calidad-del-aire-en-las-ciudades-un-reto-mundial\/","title":{"rendered":"La qualitat de l&#8217;aire a les ciutats. Un repte mundial"},"content":{"rendered":"<p>Aquest llibre analitza la problem\u00e0tica actual de la qualitat de l&#8217;aire a les ciutats, un problema tan important com el canvi clim\u00e0tic i amb efectes adversos per a la salut de les persones m\u00e9s immediats.\u00a0La primera part descriu el problema i les principals fonts de contaminaci\u00f3 que cal tractar. La segona part presenta les experi\u00e8ncies de diverses ciutats del m\u00f3n, com ara Madrid, Barcelona, Berl\u00edn, M\u00e8xic, Santiago de Xile, Bogot\u00e0 i la regi\u00f3 de la Llombardia a It\u00e0lia.\u00a0En l\u2019elaboraci\u00f3 d\u2019aquest llibre han participat divuit experts destacats a escala mundial.<\/p>\n","protected":false},"excerpt":{"rendered":"<p>Aquest llibre analitza la problem\u00e0tica actual de la qualitat de l&#8217;aire a les ciutats, un problema tan important com el canvi clim\u00e0tic i amb efectes adversos per a la salut de les persones m\u00e9s immediats.\u00a0La primera part descriu el problema i les principals fonts de contaminaci\u00f3 que cal tractar. La segona part presenta les experi\u00e8ncies de diverses ciutats del m\u00f3n, com ara Madrid, Barcelona, Berl\u00edn, M\u00e8xic, Santiago de Xile, Bogot\u00e0 i la regi\u00f3 de la Llombardia a It\u00e0lia.\u00a0En l\u2019elaboraci\u00f3 d\u2019aquest llibre han participat divuit experts destacats a escala mundial.<\/p>\n","protected":false},"featured_media":43795,"template":"","meta":{"inline_featured_image":false},"categories":[1207],"content-type":[1168],"product_tag":[527,525,526],"acf":[],"post_class":["post-46082","product","type-product","status-publish","has-post-thumbnail","hentry","category-qualitat-de-laire","content-type-llibres","product_tag-contaminacio","product_tag-energia-i-medi-ambient","product_tag-qualitat-de-laire","wordpress-sticky"],"_links":{"self":[{"href":"https:\/\/www.fundacionnaturgy.org\/ca\/wp-json\/wp\/v2\/product\/46082"}],"collection":[{"href":"https:\/\/www.fundacionnaturgy.org\/ca\/wp-json\/wp\/v2\/product"}],"about":[{"href":"https:\/\/www.fundacionnaturgy.org\/ca\/wp-json\/wp\/v2\/types\/product"}],"wp:featuredmedia":[{"embeddable":true,"href":"https:\/\/www.fundacionnaturgy.org\/ca\/wp-json\/wp\/v2\/media\/43795"}],"wp:attachment":[{"href":"https:\/\/www.fundacionnaturgy.org\/ca\/wp-json\/wp\/v2\/media?parent=46082"}],"wp:term":[{"taxonomy":"category","embeddable":true,"href":"https:\/\/www.fundacionnaturgy.org\/ca\/wp-json\/wp\/v2\/categories?post=46082"},{"taxonomy":"content-type","embeddable":true,"href":"https:\/\/www.fundacionnaturgy.org\/ca\/wp-json\/wp\/v2\/content-type?post=46082"},{"taxonomy":"product_tag","embeddable":true,"href":"https:\/\/www.fundacionnaturgy.org\/ca\/wp-json\/wp\/v2\/product_tag?post=46082"}],"curies":[{"name":"wp","href":"https:\/\/api.w.org\/{rel}","templated":true}]}}