{"id":53343,"date":"2018-12-12T12:50:17","date_gmt":"2018-12-12T11:50:17","guid":{"rendered":"https:\/\/www.fundacionnaturgy.org\/product\/article-dissenyant-ecociutats\/"},"modified":"2020-02-27T11:40:15","modified_gmt":"2020-02-27T10:40:15","slug":"article-dissenyant-ecociutats","status":"publish","type":"product","link":"https:\/\/www.fundacionnaturgy.org\/ca\/publicacion\/article-dissenyant-ecociutats\/","title":{"rendered":"Dissenyant ecociutats"},"content":{"rendered":"<p>En aquest article, es presenta el concepte d\u2019ecociutat, i d\u2019ecodisseny, una eina aplicada per transformar les ciutats actuals i avan\u00e7ar cap aquest nou model de ciutat m\u00e9s sostenible. Tamb\u00e9 es descriuen algunes experi\u00e8ncies d\u2019ecodisseny en l\u2019entorn urb\u00e0. Aquestes experi\u00e8ncies es classifiquen en funci\u00f3 de l\u2019\u00e0mbit territorial i del flux en el qual s\u2019interv\u00e9. Els \u00e0mbits territorials o sistemes seleccionats s\u00f3n: espai p\u00fablic, en el qual s\u2019incideix tant en la part de subsol com en la superficial, edifici i barri.<\/p>\n","protected":false},"excerpt":{"rendered":"<p>En aquest article, es presenta el concepte d\u2019ecociutat, i d\u2019ecodisseny, una eina aplicada per transformar les ciutats actuals i avan\u00e7ar cap aquest nou model de ciutat m\u00e9s sostenible. Tamb\u00e9 es descriuen algunes experi\u00e8ncies d\u2019ecodisseny en l\u2019entorn urb\u00e0. Aquestes experi\u00e8ncies es classifiquen en funci\u00f3 de l\u2019\u00e0mbit territorial i del flux en el qual s\u2019interv\u00e9. Els \u00e0mbits territorials o sistemes seleccionats s\u00f3n: espai p\u00fablic, en el qual s\u2019incideix tant en la part de subsol com en la superficial, edifici i barri.<\/p>\n","protected":false},"featured_media":53298,"template":"","meta":{"inline_featured_image":false},"categories":[1205,1207,1208],"content-type":[1166],"product_tag":[527,678,525,679],"acf":[],"post_class":["post-53343","product","type-product","status-publish","has-post-thumbnail","hentry","category-medi-ambient","category-qualitat-de-laire","category-transicio-energetica","content-type-articles-e-informes","product_tag-contaminacio","product_tag-ecociutats","product_tag-energia-i-medi-ambient","product_tag-sostenibilitat","wordpress-sticky"],"_links":{"self":[{"href":"https:\/\/www.fundacionnaturgy.org\/ca\/wp-json\/wp\/v2\/product\/53343"}],"collection":[{"href":"https:\/\/www.fundacionnaturgy.org\/ca\/wp-json\/wp\/v2\/product"}],"about":[{"href":"https:\/\/www.fundacionnaturgy.org\/ca\/wp-json\/wp\/v2\/types\/product"}],"wp:featuredmedia":[{"embeddable":true,"href":"https:\/\/www.fundacionnaturgy.org\/ca\/wp-json\/wp\/v2\/media\/53298"}],"wp:attachment":[{"href":"https:\/\/www.fundacionnaturgy.org\/ca\/wp-json\/wp\/v2\/media?parent=53343"}],"wp:term":[{"taxonomy":"category","embeddable":true,"href":"https:\/\/www.fundacionnaturgy.org\/ca\/wp-json\/wp\/v2\/categories?post=53343"},{"taxonomy":"content-type","embeddable":true,"href":"https:\/\/www.fundacionnaturgy.org\/ca\/wp-json\/wp\/v2\/content-type?post=53343"},{"taxonomy":"product_tag","embeddable":true,"href":"https:\/\/www.fundacionnaturgy.org\/ca\/wp-json\/wp\/v2\/product_tag?post=53343"}],"curies":[{"name":"wp","href":"https:\/\/api.w.org\/{rel}","templated":true}]}}