{"id":53344,"date":"2018-12-12T16:52:44","date_gmt":"2018-12-12T15:52:44","guid":{"rendered":"https:\/\/www.fundacionnaturgy.org\/product\/article-paper-de-la-g-mobility-en-el-complex-sistema-de-transport-actual\/"},"modified":"2020-02-27T11:40:01","modified_gmt":"2020-02-27T10:40:01","slug":"article-paper-de-la-g-mobility-en-el-complex-sistema-de-transport-actual","status":"publish","type":"product","link":"https:\/\/www.fundacionnaturgy.org\/ca\/publicacion\/article-paper-de-la-g-mobility-en-el-complex-sistema-de-transport-actual\/","title":{"rendered":"El paper de la \u00abg-mobility\u00bb en el complex sistema de transport actual"},"content":{"rendered":"<p>Segons el full de ruta cap a la descarbonitzaci\u00f3 de la UE, el 2030 la UE hauria d\u2019haver redu\u00eft les emissions de carboni i situar-les un 40% per sota dels nivells de 1990. Per a la transici\u00f3 envers aquest objectiu, la UE haur\u00e0 de continuar promovent tecnologies baixes en carboni i cost-eficients, i actuant a tots els sectors responsables de les emissions a Europa. Malgrat tot, el sector del transport no ha experimentat el mateix descens gradual de les emissions que altres sectors, i ha posposat a la pr\u00f2xima d\u00e8cada el gruix dels aven\u00e7os concrets en el proc\u00e9s de reducci\u00f3 d\u2019emissions. Actualment, la mobilitat continua representant gaireb\u00e9 una quarta part de les emissions de gasos amb efecte d\u2019hivernacle (GEH) a Europa, amb l\u2019agreujant que, a les \u00e0rees urbanes, \u00e9s responsable d\u2019una pol\u00b7luci\u00f3 atmosf\u00e8rica elevada.<\/p>\n","protected":false},"excerpt":{"rendered":"<p>Segons el full de ruta cap a la descarbonitzaci\u00f3 de la UE, el 2030 la UE hauria d\u2019haver redu\u00eft les emissions de carboni i situar-les un 40% per sota dels nivells de 1990. Per a la transici\u00f3 envers aquest objectiu, la UE haur\u00e0 de continuar promovent tecnologies baixes en carboni i cost-eficients, i actuant a tots els sectors responsables de les emissions a Europa. Malgrat tot, el sector del transport no ha experimentat el mateix descens gradual de les emissions que altres sectors, i ha posposat a la pr\u00f2xima d\u00e8cada el gruix dels aven\u00e7os concrets en el proc\u00e9s de reducci\u00f3 d\u2019emissions. Actualment, la mobilitat continua representant gaireb\u00e9 una quarta part de les emissions de gasos amb efecte d\u2019hivernacle (GEH) a Europa, amb l\u2019agreujant que, a les \u00e0rees urbanes, \u00e9s responsable d\u2019una pol\u00b7luci\u00f3 atmosf\u00e8rica elevada.<\/p>\n","protected":false},"featured_media":53312,"template":"","meta":{"inline_featured_image":false},"categories":[1201,1207,1208],"content-type":[1166],"product_tag":[525,680,681],"acf":[],"post_class":["post-53344","product","type-product","status-publish","has-post-thumbnail","hentry","category-energia-i-transport","category-qualitat-de-laire","category-transicio-energetica","content-type-articles-e-informes","product_tag-energia-i-medi-ambient","product_tag-gas-natural-vehicular-ca","product_tag-mobilitat","wordpress-sticky"],"_links":{"self":[{"href":"https:\/\/www.fundacionnaturgy.org\/ca\/wp-json\/wp\/v2\/product\/53344"}],"collection":[{"href":"https:\/\/www.fundacionnaturgy.org\/ca\/wp-json\/wp\/v2\/product"}],"about":[{"href":"https:\/\/www.fundacionnaturgy.org\/ca\/wp-json\/wp\/v2\/types\/product"}],"wp:featuredmedia":[{"embeddable":true,"href":"https:\/\/www.fundacionnaturgy.org\/ca\/wp-json\/wp\/v2\/media\/53312"}],"wp:attachment":[{"href":"https:\/\/www.fundacionnaturgy.org\/ca\/wp-json\/wp\/v2\/media?parent=53344"}],"wp:term":[{"taxonomy":"category","embeddable":true,"href":"https:\/\/www.fundacionnaturgy.org\/ca\/wp-json\/wp\/v2\/categories?post=53344"},{"taxonomy":"content-type","embeddable":true,"href":"https:\/\/www.fundacionnaturgy.org\/ca\/wp-json\/wp\/v2\/content-type?post=53344"},{"taxonomy":"product_tag","embeddable":true,"href":"https:\/\/www.fundacionnaturgy.org\/ca\/wp-json\/wp\/v2\/product_tag?post=53344"}],"curies":[{"name":"wp","href":"https:\/\/api.w.org\/{rel}","templated":true}]}}