{"id":54110,"date":"2019-01-11T14:43:46","date_gmt":"2019-01-11T13:43:46","guid":{"rendered":"https:\/\/www.fundacionnaturgy.org\/product\/article-el-biogas-actualitat-i-perspectives-dun-gas-renovable\/"},"modified":"2020-02-27T11:39:10","modified_gmt":"2020-02-27T10:39:10","slug":"article-el-biogas-actualitat-i-perspectives-dun-gas-renovable","status":"publish","type":"product","link":"https:\/\/www.fundacionnaturgy.org\/ca\/publicacion\/article-el-biogas-actualitat-i-perspectives-dun-gas-renovable\/","title":{"rendered":"El biog\u00e0s. Actualitat i perspectives d\u2019un gas renovable"},"content":{"rendered":"<p>El biog\u00e0s produ\u00eft, amb un potencial disponible estimat d\u2019energia prim\u00e0ria a Espanya de 2,3 milions de tones equivalents de petroli a l\u2019any, \u00e9s un combustible renovable i flexible, capa\u00e7 de cobrir demandes de calor, electricitat i combustible vehicular. El seu enriquiment (upgrading) a biomet\u00e0 i la injecci\u00f3 a la xarxa de gas natural n\u2019afavoreix l\u2019\u00fas on i quan l\u2019efici\u00e8ncia de transformaci\u00f3 sigui m\u00e9s elevada, fins i tot com a recurs per a la ind\u00fastria qu\u00edmica, integrant la producci\u00f3 i el consum distribu\u00efts geogr\u00e0ficament. Malgrat els m\u00faltiples avantatges, la seva economia actual dep\u00e8n en gran manera dels preus de l\u2019energia i de les pol\u00edtiques governamentals en \u00e0mbits com el desenvolupament regional, la gesti\u00f3 de residus, l\u2019energia renovable o el canvi clim\u00e0tic, que permetin valorar econ\u00f2micament els m\u00faltiples beneficis ambientals i afavoreixin el desenvolupament d\u2019aquesta nova ind\u00fastria.<\/p>\n","protected":false},"excerpt":{"rendered":"<p>El biog\u00e0s produ\u00eft, amb un potencial disponible estimat d\u2019energia prim\u00e0ria a Espanya de 2,3 milions de tones equivalents de petroli a l\u2019any, \u00e9s un combustible renovable i flexible, capa\u00e7 de cobrir demandes de calor, electricitat i combustible vehicular. El seu enriquiment (upgrading) a biomet\u00e0 i la injecci\u00f3 a la xarxa de gas natural n\u2019afavoreix l\u2019\u00fas on i quan l\u2019efici\u00e8ncia de transformaci\u00f3 sigui m\u00e9s elevada, fins i tot com a recurs per a la ind\u00fastria qu\u00edmica, integrant la producci\u00f3 i el consum distribu\u00efts geogr\u00e0ficament. Malgrat els m\u00faltiples avantatges, la seva economia actual dep\u00e8n en gran manera dels preus de l\u2019energia i de les pol\u00edtiques governamentals en \u00e0mbits com el desenvolupament regional, la gesti\u00f3 de residus, l\u2019energia renovable o el canvi clim\u00e0tic, que permetin valorar econ\u00f2micament els m\u00faltiples beneficis ambientals i afavoreixin el desenvolupament d\u2019aquesta nova ind\u00fastria.<\/p>\n","protected":false},"featured_media":54069,"template":"","meta":{"inline_featured_image":false},"categories":[1201,1202,1208],"content-type":[1166],"product_tag":[686,525],"acf":[],"post_class":["post-54110","product","type-product","status-publish","has-post-thumbnail","hentry","category-energia-i-transport","category-energies-renovables","category-transicio-energetica","content-type-articles-e-informes","product_tag-biogas-ca","product_tag-energia-i-medi-ambient","wordpress-sticky"],"_links":{"self":[{"href":"https:\/\/www.fundacionnaturgy.org\/ca\/wp-json\/wp\/v2\/product\/54110"}],"collection":[{"href":"https:\/\/www.fundacionnaturgy.org\/ca\/wp-json\/wp\/v2\/product"}],"about":[{"href":"https:\/\/www.fundacionnaturgy.org\/ca\/wp-json\/wp\/v2\/types\/product"}],"wp:featuredmedia":[{"embeddable":true,"href":"https:\/\/www.fundacionnaturgy.org\/ca\/wp-json\/wp\/v2\/media\/54069"}],"wp:attachment":[{"href":"https:\/\/www.fundacionnaturgy.org\/ca\/wp-json\/wp\/v2\/media?parent=54110"}],"wp:term":[{"taxonomy":"category","embeddable":true,"href":"https:\/\/www.fundacionnaturgy.org\/ca\/wp-json\/wp\/v2\/categories?post=54110"},{"taxonomy":"content-type","embeddable":true,"href":"https:\/\/www.fundacionnaturgy.org\/ca\/wp-json\/wp\/v2\/content-type?post=54110"},{"taxonomy":"product_tag","embeddable":true,"href":"https:\/\/www.fundacionnaturgy.org\/ca\/wp-json\/wp\/v2\/product_tag?post=54110"}],"curies":[{"name":"wp","href":"https:\/\/api.w.org\/{rel}","templated":true}]}}