{"id":62174,"date":"2019-02-22T17:14:29","date_gmt":"2019-02-22T16:14:29","guid":{"rendered":"https:\/\/www.fundacionnaturgy.org\/producto\/amber-case-calm-technology-i-el-futur-del-sector-energetic\/"},"modified":"2020-02-27T15:56:17","modified_gmt":"2020-02-27T14:56:17","slug":"amber-case-calm-technology-i-el-futur-del-sector-energetic","status":"publish","type":"product","link":"https:\/\/www.fundacionnaturgy.org\/ca\/publicacion\/amber-case-calm-technology-i-el-futur-del-sector-energetic\/","title":{"rendered":"Pon\u00e8ncia Amber Case \u00ab&#8221;Calm technology&#8221; i el futur del sector energ\u00e8tic\u00bb. Madrid"},"content":{"rendered":"<p>[vc_row][vc_column][vc_column_text]La c\u00edborg antrop\u00f2loga Amber Case va inaugurar, el 22 de febrer, el nou cicle de confer\u00e8ncies de la Fundaci\u00f3 Naturgy, talkson, en qu\u00e8 convidava a reflexionar sobre la interacci\u00f3 entre humans i tecnologia en el sector de l\u2019energia.\u00a0Case va assegurar que \u201cen la relaci\u00f3 amb el client, no haur\u00edem de tenir una soluci\u00f3 digital \u00fanica per a tothom\u201d.\u00a0Segons Case, els clients han de saber quins electrodom\u00e8stics incrementen m\u00e9s la factura, o com poden reduir el cost de la calefacci\u00f3 i la refrigeraci\u00f3 a les cases per a, \u201cd\u2019aquesta manera, adoptar mesures en els seus patrons de consum\u201d.<\/p>\n<p><strong>Per veure la intervenci\u00f3 d&#8217;Amber Case en v\u00eddeo, fes clic\u00a0<a href=\"https:\/\/www.youtube.com\/watch?v=s8SldGJgoC4&amp;t=4467s\">aqu\u00ed<\/a><\/strong>.[\/vc_column_text][\/vc_column][\/vc_row]<\/p>\n","protected":false},"excerpt":{"rendered":"<p>La c\u00edborg antrop\u00f2loga Amber Case va inaugurar, el 22 de febrer, el nou cicle de confer\u00e8ncies de la Fundaci\u00f3 Naturgy, talkson, en qu\u00e8 convidava a reflexionar sobre la interacci\u00f3 entre humans i tecnologia en el sector de l\u2019energia. Case va assegurar que \u201cen la relaci\u00f3 amb el client, no haur\u00edem de tenir una soluci\u00f3 digital \u00fanica per a tothom\u201d. Segons Case, els clients han de saber quins electrodom\u00e8stics incrementen m\u00e9s la factura, o com poden reduir el cost de la calefacci\u00f3 i la refrigeraci\u00f3 a les cases per a, \u201cd\u2019aquesta manera, adoptar mesures en els seus patrons de consum\u201d.<\/p>\n<p><strong>Per\u00a0veure\u00a0la\u00a0intervenci\u00f3\u00a0d&#8217;Amber\u00a0Case\u00a0en\u00a0v\u00eddeo,\u00a0fes\u00a0clic\u00a0<a href=\"https:\/\/www.youtube.com\/watch?v=s8SldGJgoC4&amp;t=4467s\">aqu\u00ed<\/a><\/strong>.<\/p>\n","protected":false},"featured_media":56720,"template":"","meta":{"inline_featured_image":false},"categories":[1208],"content-type":[1170],"product_tag":[],"acf":[],"post_class":["post-62174","product","type-product","status-publish","has-post-thumbnail","hentry","category-transicio-energetica","content-type-ponencies","wordpress-sticky"],"_links":{"self":[{"href":"https:\/\/www.fundacionnaturgy.org\/ca\/wp-json\/wp\/v2\/product\/62174"}],"collection":[{"href":"https:\/\/www.fundacionnaturgy.org\/ca\/wp-json\/wp\/v2\/product"}],"about":[{"href":"https:\/\/www.fundacionnaturgy.org\/ca\/wp-json\/wp\/v2\/types\/product"}],"wp:featuredmedia":[{"embeddable":true,"href":"https:\/\/www.fundacionnaturgy.org\/ca\/wp-json\/wp\/v2\/media\/56720"}],"wp:attachment":[{"href":"https:\/\/www.fundacionnaturgy.org\/ca\/wp-json\/wp\/v2\/media?parent=62174"}],"wp:term":[{"taxonomy":"category","embeddable":true,"href":"https:\/\/www.fundacionnaturgy.org\/ca\/wp-json\/wp\/v2\/categories?post=62174"},{"taxonomy":"content-type","embeddable":true,"href":"https:\/\/www.fundacionnaturgy.org\/ca\/wp-json\/wp\/v2\/content-type?post=62174"},{"taxonomy":"product_tag","embeddable":true,"href":"https:\/\/www.fundacionnaturgy.org\/ca\/wp-json\/wp\/v2\/product_tag?post=62174"}],"curies":[{"name":"wp","href":"https:\/\/api.w.org\/{rel}","templated":true}]}}