{"id":62344,"date":"2019-05-09T12:20:29","date_gmt":"2019-05-09T10:20:29","guid":{"rendered":"https:\/\/www.fundacionnaturgy.org\/producto\/la-fiscalitat-energetica-sentit-objectius-i-criteris-daplicacio\/"},"modified":"2020-02-27T15:42:12","modified_gmt":"2020-02-27T14:42:12","slug":"la-fiscalitat-energetica-sentit-objectius-i-criteris-daplicacio","status":"publish","type":"product","link":"https:\/\/www.fundacionnaturgy.org\/ca\/publicacion\/la-fiscalitat-energetica-sentit-objectius-i-criteris-daplicacio\/","title":{"rendered":"La fiscalitat energ\u00e8tica. Sentit, objectius i criteris d\u2019aplicaci\u00f3"},"content":{"rendered":"<p>Aquesta obra analitza la fiscalitat energ\u00e8tica en l\u2019ordenaci\u00f3 jur\u00eddica espanyola. Per a aix\u00f2, t\u00e9 en compte la regulaci\u00f3 al si de la Uni\u00f3 Europea i la compara amb la regulaci\u00f3 que hi ha d\u2019aquests impostos a la resta de pa\u00efsos del nostre entorn, sempre considerant la perspectiva extrafiscal, que \u00e9s efectivament la protecci\u00f3 del medi ambient, una de les justificacions que, com veurem, motiven la imposici\u00f3 energ\u00e8tica.<\/p>\n","protected":false},"excerpt":{"rendered":"<p>Aquesta obra analitza la fiscalitat energ\u00e8tica en l\u2019ordenaci\u00f3 jur\u00eddica espanyola. Per a aix\u00f2, t\u00e9 en compte la regulaci\u00f3 al si de la Uni\u00f3 Europea i la compara amb la regulaci\u00f3 que hi ha d\u2019aquests impostos a la resta de pa\u00efsos del nostre entorn, sempre considerant la perspectiva extrafiscal, que \u00e9s efectivament la protecci\u00f3 del medi ambient, una de les justificacions que, com veurem, motiven la imposici\u00f3 energ\u00e8tica.<\/p>\n","protected":false},"featured_media":57313,"template":"","meta":{"inline_featured_image":false},"categories":[1208],"content-type":[1168],"product_tag":[957,958],"acf":[],"post_class":["post-62344","product","type-product","status-publish","has-post-thumbnail","hentry","category-transicio-energetica","content-type-llibres","product_tag-energia-ca","product_tag-fiscalitat","wordpress-sticky"],"_links":{"self":[{"href":"https:\/\/www.fundacionnaturgy.org\/ca\/wp-json\/wp\/v2\/product\/62344"}],"collection":[{"href":"https:\/\/www.fundacionnaturgy.org\/ca\/wp-json\/wp\/v2\/product"}],"about":[{"href":"https:\/\/www.fundacionnaturgy.org\/ca\/wp-json\/wp\/v2\/types\/product"}],"wp:featuredmedia":[{"embeddable":true,"href":"https:\/\/www.fundacionnaturgy.org\/ca\/wp-json\/wp\/v2\/media\/57313"}],"wp:attachment":[{"href":"https:\/\/www.fundacionnaturgy.org\/ca\/wp-json\/wp\/v2\/media?parent=62344"}],"wp:term":[{"taxonomy":"category","embeddable":true,"href":"https:\/\/www.fundacionnaturgy.org\/ca\/wp-json\/wp\/v2\/categories?post=62344"},{"taxonomy":"content-type","embeddable":true,"href":"https:\/\/www.fundacionnaturgy.org\/ca\/wp-json\/wp\/v2\/content-type?post=62344"},{"taxonomy":"product_tag","embeddable":true,"href":"https:\/\/www.fundacionnaturgy.org\/ca\/wp-json\/wp\/v2\/product_tag?post=62344"}],"curies":[{"name":"wp","href":"https:\/\/api.w.org\/{rel}","templated":true}]}}