{"id":62831,"date":"2017-01-19T18:15:36","date_gmt":"2017-01-19T17:15:36","guid":{"rendered":"https:\/\/www.fundacionnaturgy.org\/producto\/historia-de-la-industria-del-gas-a-catalunya\/"},"modified":"2020-02-27T15:42:40","modified_gmt":"2020-02-27T14:42:40","slug":"historia-de-la-industria-del-gas-a-catalunya","status":"publish","type":"product","link":"https:\/\/www.fundacionnaturgy.org\/ca\/publicacion\/historia-de-la-industria-del-gas-a-catalunya\/","title":{"rendered":"Hist\u00f2ria de la ind\u00fastria del gas a Catalunya"},"content":{"rendered":"<p>La ind\u00fastria del gas \u00e9s encara una gran desconeguda, per\u00f2 amb treballs d\u2019investigaci\u00f3 com el que ara presentem s\u2019aconsegueix revertir aquesta situaci\u00f3. Aquesta publicaci\u00f3 se suma als extensos estudis que fa anys que editem des de la Fundaci\u00f3 Naturgy i que permeten que la investigaci\u00f3 i el coneixement de les ind\u00fastries del gas i l\u2019electricitat es puguin incorporar, des d\u2019una perspectiva cient\u00edfica, a la hist\u00f2ria i l\u2019estructura econ\u00f2mica convencional.<\/p>\n<p><strong>Aquesta publicaci\u00f3 nom\u00e9s est\u00e0 disponible per baixar en catal\u00e0.<\/strong><\/p>\n","protected":false},"excerpt":{"rendered":"<p>La ind\u00fastria del gas \u00e9s encara una gran desconeguda, per\u00f2 amb treballs d\u2019investigaci\u00f3 com el que ara presentem s\u2019aconsegueix revertir aquesta situaci\u00f3. Aquesta publicaci\u00f3 se suma als extensos estudis que fa anys que editem des de la Fundaci\u00f3 Naturgy i que permeten que la investigaci\u00f3 i el coneixement de les ind\u00fastries del gas i l\u2019electricitat es puguin incorporar, des d\u2019una perspectiva cient\u00edfica, a la hist\u00f2ria i l\u2019estructura econ\u00f2mica convencional.<\/p>\n<p><strong>Aquesta publicaci\u00f3 nom\u00e9s est\u00e0 disponible per baixar en catal\u00e0.<\/strong><\/p>\n","protected":false},"featured_media":41035,"template":"","meta":{"inline_featured_image":false},"categories":[1206],"content-type":[1168],"product_tag":[],"acf":[],"post_class":["post-62831","product","type-product","status-publish","has-post-thumbnail","hentry","category-patrimoni-industrial","content-type-llibres","wordpress-sticky"],"_links":{"self":[{"href":"https:\/\/www.fundacionnaturgy.org\/ca\/wp-json\/wp\/v2\/product\/62831"}],"collection":[{"href":"https:\/\/www.fundacionnaturgy.org\/ca\/wp-json\/wp\/v2\/product"}],"about":[{"href":"https:\/\/www.fundacionnaturgy.org\/ca\/wp-json\/wp\/v2\/types\/product"}],"wp:featuredmedia":[{"embeddable":true,"href":"https:\/\/www.fundacionnaturgy.org\/ca\/wp-json\/wp\/v2\/media\/41035"}],"wp:attachment":[{"href":"https:\/\/www.fundacionnaturgy.org\/ca\/wp-json\/wp\/v2\/media?parent=62831"}],"wp:term":[{"taxonomy":"category","embeddable":true,"href":"https:\/\/www.fundacionnaturgy.org\/ca\/wp-json\/wp\/v2\/categories?post=62831"},{"taxonomy":"content-type","embeddable":true,"href":"https:\/\/www.fundacionnaturgy.org\/ca\/wp-json\/wp\/v2\/content-type?post=62831"},{"taxonomy":"product_tag","embeddable":true,"href":"https:\/\/www.fundacionnaturgy.org\/ca\/wp-json\/wp\/v2\/product_tag?post=62831"}],"curies":[{"name":"wp","href":"https:\/\/api.w.org\/{rel}","templated":true}]}}