{"id":62832,"date":"2015-12-21T12:44:27","date_gmt":"2015-12-21T11:44:27","guid":{"rendered":"https:\/\/www.fundacionnaturgy.org\/producto\/la-industria-del-gas-a-cordova-1845-2012\/"},"modified":"2020-02-27T15:42:54","modified_gmt":"2020-02-27T14:42:54","slug":"la-industria-del-gas-a-cadis-1845-2012","status":"publish","type":"product","link":"https:\/\/www.fundacionnaturgy.org\/ca\/publicacion\/la-industria-del-gas-a-cadis-1845-2012\/","title":{"rendered":"La ind\u00fastria del gas a Cadis (1845-2012)"},"content":{"rendered":"<p>Al llarg de la publicaci\u00f3, Mercedes Fern\u00e1ndez-Paradas aprofundeix en la hist\u00f2ria de la ind\u00fastria del gas a Cadis a trav\u00e9s de la presentaci\u00f3 de les fites i els protagonistes m\u00e9s rellevants. Cadis va ser la tercera ciutat espanyola en disposar d\u2019enllumenat p\u00fablic per gas. El 1717 ja havia estat seu de la Casa de Contractaci\u00f3. Una ciutat oberta a la mar, atenta a qualsevol innovaci\u00f3 que signifiqu\u00e9s una millora i amb un comer\u00e7 molt actiu, que va arribar a ser el segon port en import\u00e0ncia de l\u2019Estat espanyol.<\/p>\n","protected":false},"excerpt":{"rendered":"<p>Al llarg de la publicaci\u00f3, Mercedes Fern\u00e1ndez-Paradas aprofundeix en la hist\u00f2ria de la ind\u00fastria del gas a Cadis a trav\u00e9s de la presentaci\u00f3 de les fites i els protagonistes m\u00e9s rellevants. Cadis va ser la tercera ciutat espanyola en disposar d\u2019enllumenat p\u00fablic per gas. El 1717 ja havia estat seu de la Casa de Contractaci\u00f3. Una ciutat oberta a la mar, atenta a qualsevol innovaci\u00f3 que signifiqu\u00e9s una millora i amb un comer\u00e7 molt actiu, que va arribar a ser el segon port en import\u00e0ncia de l\u2019Estat espanyol.<\/p>\n","protected":false},"featured_media":62778,"template":"","meta":{"inline_featured_image":false},"categories":[1206],"content-type":[1168],"product_tag":[],"acf":[],"post_class":["post-62832","product","type-product","status-publish","has-post-thumbnail","hentry","category-patrimoni-industrial","content-type-llibres","wordpress-sticky"],"_links":{"self":[{"href":"https:\/\/www.fundacionnaturgy.org\/ca\/wp-json\/wp\/v2\/product\/62832"}],"collection":[{"href":"https:\/\/www.fundacionnaturgy.org\/ca\/wp-json\/wp\/v2\/product"}],"about":[{"href":"https:\/\/www.fundacionnaturgy.org\/ca\/wp-json\/wp\/v2\/types\/product"}],"wp:featuredmedia":[{"embeddable":true,"href":"https:\/\/www.fundacionnaturgy.org\/ca\/wp-json\/wp\/v2\/media\/62778"}],"wp:attachment":[{"href":"https:\/\/www.fundacionnaturgy.org\/ca\/wp-json\/wp\/v2\/media?parent=62832"}],"wp:term":[{"taxonomy":"category","embeddable":true,"href":"https:\/\/www.fundacionnaturgy.org\/ca\/wp-json\/wp\/v2\/categories?post=62832"},{"taxonomy":"content-type","embeddable":true,"href":"https:\/\/www.fundacionnaturgy.org\/ca\/wp-json\/wp\/v2\/content-type?post=62832"},{"taxonomy":"product_tag","embeddable":true,"href":"https:\/\/www.fundacionnaturgy.org\/ca\/wp-json\/wp\/v2\/product_tag?post=62832"}],"curies":[{"name":"wp","href":"https:\/\/api.w.org\/{rel}","templated":true}]}}