{"id":62988,"date":"2014-03-04T17:46:37","date_gmt":"2014-03-04T16:46:37","guid":{"rendered":"https:\/\/www.fundacionnaturgy.org\/producto\/9e-index-deficiencia-energetica-a-la-llar\/"},"modified":"2020-02-27T15:36:01","modified_gmt":"2020-02-27T14:36:01","slug":"9e-index-deficiencia-energetica-a-la-llar","status":"publish","type":"product","link":"https:\/\/www.fundacionnaturgy.org\/ca\/publicacion\/9e-index-deficiencia-energetica-a-la-llar\/","title":{"rendered":"9\u00e8 \u00cdndex d\u2019efici\u00e8ncia energ\u00e8tica a la llar"},"content":{"rendered":"<p>La Fundaci\u00f3 Naturgy presenta una nova edici\u00f3 de l\u2019\u00cdndex d\u2019efici\u00e8ncia energ\u00e8tica a les llars espanyoles, un estudi elaborat des del 2004 que permet detectar els comportaments energ\u00e8tics dels usuaris.<\/p>\n","protected":false},"excerpt":{"rendered":"<p>La Fundaci\u00f3 Naturgy presenta una nova edici\u00f3 de l\u2019\u00cdndex d\u2019efici\u00e8ncia energ\u00e8tica a les llars espanyoles, un estudi elaborat des del 2004 que permet detectar els comportaments energ\u00e8tics dels usuaris.<\/p>\n","protected":false},"featured_media":44319,"template":"","meta":{"inline_featured_image":false},"categories":[1200],"content-type":[1166,1169],"product_tag":[],"acf":[],"post_class":["post-62988","product","type-product","status-publish","has-post-thumbnail","hentry","category-eficiencia-energetica-ca","content-type-articles-e-informes","content-type-videos","wordpress-sticky"],"_links":{"self":[{"href":"https:\/\/www.fundacionnaturgy.org\/ca\/wp-json\/wp\/v2\/product\/62988"}],"collection":[{"href":"https:\/\/www.fundacionnaturgy.org\/ca\/wp-json\/wp\/v2\/product"}],"about":[{"href":"https:\/\/www.fundacionnaturgy.org\/ca\/wp-json\/wp\/v2\/types\/product"}],"wp:featuredmedia":[{"embeddable":true,"href":"https:\/\/www.fundacionnaturgy.org\/ca\/wp-json\/wp\/v2\/media\/44319"}],"wp:attachment":[{"href":"https:\/\/www.fundacionnaturgy.org\/ca\/wp-json\/wp\/v2\/media?parent=62988"}],"wp:term":[{"taxonomy":"category","embeddable":true,"href":"https:\/\/www.fundacionnaturgy.org\/ca\/wp-json\/wp\/v2\/categories?post=62988"},{"taxonomy":"content-type","embeddable":true,"href":"https:\/\/www.fundacionnaturgy.org\/ca\/wp-json\/wp\/v2\/content-type?post=62988"},{"taxonomy":"product_tag","embeddable":true,"href":"https:\/\/www.fundacionnaturgy.org\/ca\/wp-json\/wp\/v2\/product_tag?post=62988"}],"curies":[{"name":"wp","href":"https:\/\/api.w.org\/{rel}","templated":true}]}}