{"id":62989,"date":"2016-06-14T17:37:31","date_gmt":"2016-06-14T15:37:31","guid":{"rendered":"https:\/\/www.fundacionnaturgy.org\/producto\/10e-index-deficiencia-energetica-a-la-llar\/"},"modified":"2020-02-27T15:35:24","modified_gmt":"2020-02-27T14:35:24","slug":"10e-index-deficiencia-energetica-a-la-llar","status":"publish","type":"product","link":"https:\/\/www.fundacionnaturgy.org\/ca\/publicacion\/10e-index-deficiencia-energetica-a-la-llar\/","title":{"rendered":"10\u00e8 \u00cdndex d\u2019efici\u00e8ncia energ\u00e8tica a la llar"},"content":{"rendered":"<p>La Fundaci\u00f3 Naturgy presenta una nova edici\u00f3 de l\u2019\u00cdndex d\u2019efici\u00e8ncia energ\u00e8tica a les llars espanyoles, un estudi elaborat des del 2004 que permet detectar els comportaments i h\u00e0bits energ\u00e8tics dels ciutadans a casa seva.<\/p>\n","protected":false},"excerpt":{"rendered":"<p>La Fundaci\u00f3 Naturgy presenta una nova edici\u00f3 de l\u2019\u00cdndex d\u2019efici\u00e8ncia energ\u00e8tica a les llars espanyoles, un estudi elaborat des del 2004 que permet detectar els comportaments i h\u00e0bits energ\u00e8tics dels ciutadans a casa seva.<\/p>\n","protected":false},"featured_media":12934,"template":"","meta":{"inline_featured_image":false},"categories":[1200],"content-type":[1166,1169],"product_tag":[],"acf":[],"post_class":["post-62989","product","type-product","status-publish","has-post-thumbnail","hentry","category-eficiencia-energetica-ca","content-type-articles-e-informes","content-type-videos","wordpress-sticky"],"_links":{"self":[{"href":"https:\/\/www.fundacionnaturgy.org\/ca\/wp-json\/wp\/v2\/product\/62989"}],"collection":[{"href":"https:\/\/www.fundacionnaturgy.org\/ca\/wp-json\/wp\/v2\/product"}],"about":[{"href":"https:\/\/www.fundacionnaturgy.org\/ca\/wp-json\/wp\/v2\/types\/product"}],"wp:featuredmedia":[{"embeddable":true,"href":"https:\/\/www.fundacionnaturgy.org\/ca\/wp-json\/wp\/v2\/media\/12934"}],"wp:attachment":[{"href":"https:\/\/www.fundacionnaturgy.org\/ca\/wp-json\/wp\/v2\/media?parent=62989"}],"wp:term":[{"taxonomy":"category","embeddable":true,"href":"https:\/\/www.fundacionnaturgy.org\/ca\/wp-json\/wp\/v2\/categories?post=62989"},{"taxonomy":"content-type","embeddable":true,"href":"https:\/\/www.fundacionnaturgy.org\/ca\/wp-json\/wp\/v2\/content-type?post=62989"},{"taxonomy":"product_tag","embeddable":true,"href":"https:\/\/www.fundacionnaturgy.org\/ca\/wp-json\/wp\/v2\/product_tag?post=62989"}],"curies":[{"name":"wp","href":"https:\/\/api.w.org\/{rel}","templated":true}]}}