{"id":62992,"date":"2015-03-05T17:41:08","date_gmt":"2015-03-05T16:41:08","guid":{"rendered":"https:\/\/www.fundacionnaturgy.org\/producto\/8a-edicio-de-lestudi-deficiencia-energetica-a-les-pimes\/"},"modified":"2020-02-27T15:35:48","modified_gmt":"2020-02-27T14:35:48","slug":"8a-edicio-de-lestudi-deficiencia-energetica-a-les-pimes","status":"publish","type":"product","link":"https:\/\/www.fundacionnaturgy.org\/ca\/publicacion\/8a-edicio-de-lestudi-deficiencia-energetica-a-les-pimes\/","title":{"rendered":"8a edici\u00f3 de l\u2019Estudi d\u2019efici\u00e8ncia energ\u00e8tica a les pimes"},"content":{"rendered":"<p>Despr\u00e9s del canvi metodol\u00f2gic aplicat, s\u2019ha calculat que el potencial d\u2019estalvi d\u2019energia \u00e9s d\u2019un 25,9% del total consumit, i aquest estalvi es pot dividir en un 10,8% en il\u00b7luminaci\u00f3 i un 15,1% en la resta d\u2019usos energ\u00e8tics.<\/p>\n","protected":false},"excerpt":{"rendered":"<p>Despr\u00e9s del canvi metodol\u00f2gic aplicat, s\u2019ha calculat que el potencial d\u2019estalvi d\u2019energia \u00e9s d\u2019un 25,9% del total consumit, i aquest estalvi es pot dividir en un 10,8% en il\u00b7luminaci\u00f3 i un 15,1% en la resta d\u2019usos energ\u00e8tics.<\/p>\n","protected":false},"featured_media":34500,"template":"","meta":{"inline_featured_image":false},"categories":[1200],"content-type":[1166,1169],"product_tag":[],"acf":[],"post_class":["post-62992","product","type-product","status-publish","has-post-thumbnail","hentry","category-eficiencia-energetica-ca","content-type-articles-e-informes","content-type-videos","wordpress-sticky"],"_links":{"self":[{"href":"https:\/\/www.fundacionnaturgy.org\/ca\/wp-json\/wp\/v2\/product\/62992"}],"collection":[{"href":"https:\/\/www.fundacionnaturgy.org\/ca\/wp-json\/wp\/v2\/product"}],"about":[{"href":"https:\/\/www.fundacionnaturgy.org\/ca\/wp-json\/wp\/v2\/types\/product"}],"wp:featuredmedia":[{"embeddable":true,"href":"https:\/\/www.fundacionnaturgy.org\/ca\/wp-json\/wp\/v2\/media\/34500"}],"wp:attachment":[{"href":"https:\/\/www.fundacionnaturgy.org\/ca\/wp-json\/wp\/v2\/media?parent=62992"}],"wp:term":[{"taxonomy":"category","embeddable":true,"href":"https:\/\/www.fundacionnaturgy.org\/ca\/wp-json\/wp\/v2\/categories?post=62992"},{"taxonomy":"content-type","embeddable":true,"href":"https:\/\/www.fundacionnaturgy.org\/ca\/wp-json\/wp\/v2\/content-type?post=62992"},{"taxonomy":"product_tag","embeddable":true,"href":"https:\/\/www.fundacionnaturgy.org\/ca\/wp-json\/wp\/v2\/product_tag?post=62992"}],"curies":[{"name":"wp","href":"https:\/\/api.w.org\/{rel}","templated":true}]}}